{"id":2476,"date":"2024-05-29T19:17:44","date_gmt":"2024-05-29T17:17:44","guid":{"rendered":"http:\/\/chantallbutik.pl\/?post_type=product&#038;p=2476"},"modified":"2025-09-23T22:03:02","modified_gmt":"2025-09-23T20:03:02","slug":"100ml-25","status":"publish","type":"product","link":"http:\/\/chantallbutik.pl\/index.php\/product\/100ml-25\/","title":{"rendered":"Inspiracja Gucci Flora Gorgeous Gardenia Limited Edition 2018 100ml"},"content":{"rendered":"<p style=\"text-align: center;\">\u00a0 Nutami g\u0142owy s\u0105 Gruszka i Czerwone jagody; nutami serca s\u0105 Plumeria, Gardenia i Ja\u015bmin; nutami bazy s\u0105 Paczula i Br\u0105zowy cukier.<\/p>\n","protected":false},"excerpt":{"rendered":"<p>\u00a0 Nutami g\u0142owy s\u0105 Gruszka i Czerwone jagody; nutami serca s\u0105 Plumeria, Gardenia i Ja\u015bmin; nutami bazy s\u0105 Paczula i Br\u0105zowy cukier.<\/p>\n","protected":false},"featured_media":2357,"comment_status":"open","ping_status":"closed","template":"","meta":[],"product_cat":[20],"product_tag":[],"_links":{"self":[{"href":"http:\/\/chantallbutik.pl\/index.php\/wp-json\/wp\/v2\/product\/2476"}],"collection":[{"href":"http:\/\/chantallbutik.pl\/index.php\/wp-json\/wp\/v2\/product"}],"about":[{"href":"http:\/\/chantallbutik.pl\/index.php\/wp-json\/wp\/v2\/types\/product"}],"replies":[{"embeddable":true,"href":"http:\/\/chantallbutik.pl\/index.php\/wp-json\/wp\/v2\/comments?post=2476"}],"wp:featuredmedia":[{"embeddable":true,"href":"http:\/\/chantallbutik.pl\/index.php\/wp-json\/wp\/v2\/media\/2357"}],"wp:attachment":[{"href":"http:\/\/chantallbutik.pl\/index.php\/wp-json\/wp\/v2\/media?parent=2476"}],"wp:term":[{"taxonomy":"product_cat","embeddable":true,"href":"http:\/\/chantallbutik.pl\/index.php\/wp-json\/wp\/v2\/product_cat?post=2476"},{"taxonomy":"product_tag","embeddable":true,"href":"http:\/\/chantallbutik.pl\/index.php\/wp-json\/wp\/v2\/product_tag?post=2476"}],"curies":[{"name":"wp","href":"https:\/\/api.w.org\/{rel}","templated":true}]}}