{"id":2475,"date":"2024-05-29T19:17:20","date_gmt":"2024-05-29T17:17:20","guid":{"rendered":"http:\/\/chantallbutik.pl\/?post_type=product&#038;p=2475"},"modified":"2025-09-23T22:03:02","modified_gmt":"2025-09-23T20:03:02","slug":"50ml-7","status":"publish","type":"product","link":"http:\/\/chantallbutik.pl\/index.php\/product\/50ml-7\/","title":{"rendered":"Inspiracja Tom Ford Rose Prick 50ml"},"content":{"rendered":"","protected":false},"excerpt":{"rendered":"<p>Pojemno\u015b\u0107 50ml<\/p>\n<div id=\"description\" class=\"tab-pane fade in active\" role=\"tabpanel\">\n<div class=\"product-description\">\n<p><b>Premiera: <\/b>2020 rok<\/p>\n<p>To szyprowo &#8211; kwiatowe perfumy dla kobiet i m\u0119\u017cczyzn.<\/p>\n<p><strong>Nuty zapachowe:<\/strong><\/p>\n<p>nuta g\u0142owy: Pieprz syczua\u0144ski i Ostry\u017c;<\/p>\n<p>nuta serca: R\u00f3\u017ca majowa, R\u00f3\u017ca bu\u0142garska i R\u00f3\u017ca turecka;<\/p>\n<p>nuta bazy: Paczula i Fasolka tonka.<\/p>\n<\/div>\n<\/div>\n","protected":false},"featured_media":2358,"comment_status":"open","ping_status":"closed","template":"","meta":[],"product_cat":[20],"product_tag":[],"_links":{"self":[{"href":"http:\/\/chantallbutik.pl\/index.php\/wp-json\/wp\/v2\/product\/2475"}],"collection":[{"href":"http:\/\/chantallbutik.pl\/index.php\/wp-json\/wp\/v2\/product"}],"about":[{"href":"http:\/\/chantallbutik.pl\/index.php\/wp-json\/wp\/v2\/types\/product"}],"replies":[{"embeddable":true,"href":"http:\/\/chantallbutik.pl\/index.php\/wp-json\/wp\/v2\/comments?post=2475"}],"wp:featuredmedia":[{"embeddable":true,"href":"http:\/\/chantallbutik.pl\/index.php\/wp-json\/wp\/v2\/media\/2358"}],"wp:attachment":[{"href":"http:\/\/chantallbutik.pl\/index.php\/wp-json\/wp\/v2\/media?parent=2475"}],"wp:term":[{"taxonomy":"product_cat","embeddable":true,"href":"http:\/\/chantallbutik.pl\/index.php\/wp-json\/wp\/v2\/product_cat?post=2475"},{"taxonomy":"product_tag","embeddable":true,"href":"http:\/\/chantallbutik.pl\/index.php\/wp-json\/wp\/v2\/product_tag?post=2475"}],"curies":[{"name":"wp","href":"https:\/\/api.w.org\/{rel}","templated":true}]}}