{"id":2472,"date":"2024-05-29T19:16:04","date_gmt":"2024-05-29T17:16:04","guid":{"rendered":"http:\/\/chantallbutik.pl\/?post_type=product&#038;p=2472"},"modified":"2025-09-23T22:03:02","modified_gmt":"2025-09-23T20:03:02","slug":"50ml-5","status":"publish","type":"product","link":"http:\/\/chantallbutik.pl\/index.php\/product\/50ml-5\/","title":{"rendered":"Inspiracja Tom Ford Lost Cherry 50ml"},"content":{"rendered":"","protected":false},"excerpt":{"rendered":"<p>Pojemno\u015b\u0107 100ml<\/p>\n<div id=\"description\" class=\"tab-pane fade in active\" role=\"tabpanel\">\n<div class=\"product-description\">\n<p><b>Premiera: <\/b>2018 rok<\/p>\n<p>To orientalno &#8211; kwiatowe perfumy dla kobiet i m\u0119\u017cczyzn.<\/p>\n<p><strong>Nuty zapachowe: <\/strong><\/p>\n<p>nuta g\u0142owy: Czere\u015bnia, Gorzki migda\u0142 i Likier;<\/p>\n<p>nuta serca: Czere\u015bnia, \u015aliwka, R\u00f3\u017ca turecka i Ja\u015bmin wielkolistny;<\/p>\n<p>nuta bazy: Fasolka tonka, Wanilia, Balsam peruwia\u0144ski, Cynamon, Benzoes, Drzewo sanda\u0142owe, Go\u017adzik (przyprawa), Cedr, Paczula i Wetyweria.<\/p>\n<\/div>\n<\/div>\n","protected":false},"featured_media":2361,"comment_status":"open","ping_status":"closed","template":"","meta":[],"product_cat":[20],"product_tag":[],"_links":{"self":[{"href":"http:\/\/chantallbutik.pl\/index.php\/wp-json\/wp\/v2\/product\/2472"}],"collection":[{"href":"http:\/\/chantallbutik.pl\/index.php\/wp-json\/wp\/v2\/product"}],"about":[{"href":"http:\/\/chantallbutik.pl\/index.php\/wp-json\/wp\/v2\/types\/product"}],"replies":[{"embeddable":true,"href":"http:\/\/chantallbutik.pl\/index.php\/wp-json\/wp\/v2\/comments?post=2472"}],"wp:featuredmedia":[{"embeddable":true,"href":"http:\/\/chantallbutik.pl\/index.php\/wp-json\/wp\/v2\/media\/2361"}],"wp:attachment":[{"href":"http:\/\/chantallbutik.pl\/index.php\/wp-json\/wp\/v2\/media?parent=2472"}],"wp:term":[{"taxonomy":"product_cat","embeddable":true,"href":"http:\/\/chantallbutik.pl\/index.php\/wp-json\/wp\/v2\/product_cat?post=2472"},{"taxonomy":"product_tag","embeddable":true,"href":"http:\/\/chantallbutik.pl\/index.php\/wp-json\/wp\/v2\/product_tag?post=2472"}],"curies":[{"name":"wp","href":"https:\/\/api.w.org\/{rel}","templated":true}]}}