{"id":2471,"date":"2024-05-29T19:15:42","date_gmt":"2024-05-29T17:15:42","guid":{"rendered":"http:\/\/chantallbutik.pl\/?post_type=product&#038;p=2471"},"modified":"2025-09-23T22:03:02","modified_gmt":"2025-09-23T20:03:02","slug":"50ml-4","status":"publish","type":"product","link":"http:\/\/chantallbutik.pl\/index.php\/product\/50ml-4\/","title":{"rendered":"Inspiracja Tom Ford Bitter Peach 50ml"},"content":{"rendered":"","protected":false},"excerpt":{"rendered":"<p>Pojemno\u015b\u0107 50ml<\/p>\n<div id=\"description\" class=\"tab-pane fade in active\" role=\"tabpanel\">\n<div class=\"product-description\">\n<p><b>Premiera: <\/b>2020 rok<\/p>\n<p>To orientalno &#8211; waniliowe perfumy dla kobiet i m\u0119\u017cczyzn.<\/p>\n<p><strong>Nuty zapachowe:<\/strong><\/p>\n<p>nuta g\u0142owy: Brzoskwinia, Czerwona pomara\u0144cza, Kardamon i Heliotrop;<\/p>\n<p>nuta serca: Rum, Koniak, Davana i Ja\u015bmin;<\/p>\n<p>nuta bazy: Li\u015b\u0107 indonezyjskiej paczuli, Wanilia, Drzewo sanda\u0142owe, Fasolka tonka, Drewno kaszmirowe, Benzoes, Styraks, Labdanum i Wetyweria.<\/p>\n<\/div>\n<\/div>\n","protected":false},"featured_media":2362,"comment_status":"open","ping_status":"closed","template":"","meta":[],"product_cat":[20],"product_tag":[],"_links":{"self":[{"href":"http:\/\/chantallbutik.pl\/index.php\/wp-json\/wp\/v2\/product\/2471"}],"collection":[{"href":"http:\/\/chantallbutik.pl\/index.php\/wp-json\/wp\/v2\/product"}],"about":[{"href":"http:\/\/chantallbutik.pl\/index.php\/wp-json\/wp\/v2\/types\/product"}],"replies":[{"embeddable":true,"href":"http:\/\/chantallbutik.pl\/index.php\/wp-json\/wp\/v2\/comments?post=2471"}],"wp:featuredmedia":[{"embeddable":true,"href":"http:\/\/chantallbutik.pl\/index.php\/wp-json\/wp\/v2\/media\/2362"}],"wp:attachment":[{"href":"http:\/\/chantallbutik.pl\/index.php\/wp-json\/wp\/v2\/media?parent=2471"}],"wp:term":[{"taxonomy":"product_cat","embeddable":true,"href":"http:\/\/chantallbutik.pl\/index.php\/wp-json\/wp\/v2\/product_cat?post=2471"},{"taxonomy":"product_tag","embeddable":true,"href":"http:\/\/chantallbutik.pl\/index.php\/wp-json\/wp\/v2\/product_tag?post=2471"}],"curies":[{"name":"wp","href":"https:\/\/api.w.org\/{rel}","templated":true}]}}