{"id":2468,"date":"2024-05-29T19:14:47","date_gmt":"2024-05-29T17:14:47","guid":{"rendered":"http:\/\/chantallbutik.pl\/?post_type=product&#038;p=2468"},"modified":"2025-09-23T22:03:25","modified_gmt":"2025-09-23T20:03:25","slug":"60ml-3","status":"publish","type":"product","link":"http:\/\/chantallbutik.pl\/index.php\/product\/60ml-3\/","title":{"rendered":"Inspiracja ALSACE bomme Mason Eau De Parfum BIA\u0141Y BACCARAT 60ml"},"content":{"rendered":"","protected":false},"excerpt":{"rendered":"<p>Pojemno\u015b\u0107 60ml<\/p>\n<p><b>Nuty g\u0142owy: <\/b>grejpfrut, r\u00f3\u017ca damasce\u0144ska z Bu\u0142garii<\/p>\n<p><b>Nuty serca:<\/b> akord ambrowo-drzewny, sza\u0142wia<\/p>\n<p><b>Nuty bazy:<\/b> absolut r\u00f3\u017cy stulistnej z Grasse, labdanum<\/p>\n","protected":false},"featured_media":2364,"comment_status":"open","ping_status":"closed","template":"","meta":[],"product_cat":[19],"product_tag":[],"_links":{"self":[{"href":"http:\/\/chantallbutik.pl\/index.php\/wp-json\/wp\/v2\/product\/2468"}],"collection":[{"href":"http:\/\/chantallbutik.pl\/index.php\/wp-json\/wp\/v2\/product"}],"about":[{"href":"http:\/\/chantallbutik.pl\/index.php\/wp-json\/wp\/v2\/types\/product"}],"replies":[{"embeddable":true,"href":"http:\/\/chantallbutik.pl\/index.php\/wp-json\/wp\/v2\/comments?post=2468"}],"wp:featuredmedia":[{"embeddable":true,"href":"http:\/\/chantallbutik.pl\/index.php\/wp-json\/wp\/v2\/media\/2364"}],"wp:attachment":[{"href":"http:\/\/chantallbutik.pl\/index.php\/wp-json\/wp\/v2\/media?parent=2468"}],"wp:term":[{"taxonomy":"product_cat","embeddable":true,"href":"http:\/\/chantallbutik.pl\/index.php\/wp-json\/wp\/v2\/product_cat?post=2468"},{"taxonomy":"product_tag","embeddable":true,"href":"http:\/\/chantallbutik.pl\/index.php\/wp-json\/wp\/v2\/product_tag?post=2468"}],"curies":[{"name":"wp","href":"https:\/\/api.w.org\/{rel}","templated":true}]}}