{"id":2467,"date":"2024-05-29T19:13:33","date_gmt":"2024-05-29T17:13:33","guid":{"rendered":"http:\/\/chantallbutik.pl\/?post_type=product&#038;p=2467"},"modified":"2025-09-23T22:03:25","modified_gmt":"2025-09-23T20:03:25","slug":"60ml-2","status":"publish","type":"product","link":"http:\/\/chantallbutik.pl\/index.php\/product\/60ml-2\/","title":{"rendered":"Inspiracja Gucci Guilty Absolute 60ml"},"content":{"rendered":"<p>Nuty zapachowe:<\/p>\n<p>*G\u0142owa je\u017cyny, bergamotka, r\u00f3\u017cowy pieprz<\/p>\n<p>*Serce r\u00f3\u017ca bu\u0142garska, cyprys, nuty drzew<\/p>\n<p>*Podstawa bursztyn, paczula<\/p>\n","protected":false},"excerpt":{"rendered":"<p>Nuty zapachowe: *G\u0142owa je\u017cyny, bergamotka, r\u00f3\u017cowy pieprz *Serce r\u00f3\u017ca bu\u0142garska, cyprys, nuty drzew *Podstawa bursztyn, paczula<\/p>\n","protected":false},"featured_media":2365,"comment_status":"open","ping_status":"closed","template":"","meta":[],"product_cat":[20],"product_tag":[],"_links":{"self":[{"href":"http:\/\/chantallbutik.pl\/index.php\/wp-json\/wp\/v2\/product\/2467"}],"collection":[{"href":"http:\/\/chantallbutik.pl\/index.php\/wp-json\/wp\/v2\/product"}],"about":[{"href":"http:\/\/chantallbutik.pl\/index.php\/wp-json\/wp\/v2\/types\/product"}],"replies":[{"embeddable":true,"href":"http:\/\/chantallbutik.pl\/index.php\/wp-json\/wp\/v2\/comments?post=2467"}],"wp:featuredmedia":[{"embeddable":true,"href":"http:\/\/chantallbutik.pl\/index.php\/wp-json\/wp\/v2\/media\/2365"}],"wp:attachment":[{"href":"http:\/\/chantallbutik.pl\/index.php\/wp-json\/wp\/v2\/media?parent=2467"}],"wp:term":[{"taxonomy":"product_cat","embeddable":true,"href":"http:\/\/chantallbutik.pl\/index.php\/wp-json\/wp\/v2\/product_cat?post=2467"},{"taxonomy":"product_tag","embeddable":true,"href":"http:\/\/chantallbutik.pl\/index.php\/wp-json\/wp\/v2\/product_tag?post=2467"}],"curies":[{"name":"wp","href":"https:\/\/api.w.org\/{rel}","templated":true}]}}