{"id":2465,"date":"2024-05-29T19:13:09","date_gmt":"2024-05-29T17:13:09","guid":{"rendered":"http:\/\/chantallbutik.pl\/?post_type=product&#038;p=2465"},"modified":"2025-09-23T22:03:25","modified_gmt":"2025-09-23T20:03:25","slug":"90ml-3","status":"publish","type":"product","link":"http:\/\/chantallbutik.pl\/index.php\/product\/90ml-3\/","title":{"rendered":"Inspiracja Dior Poison Extrait de Parfum 90ml"},"content":{"rendered":"","protected":false},"excerpt":{"rendered":"<p>Pojemno\u015b\u0107 90ml<\/p>\n<p>To zapach dla sk\u00f3ry niepodobny do \u017cadnego innego. Powraca do mitycznego akordu, sublimuj\u0105c jego zmys\u0142owy charakter. Podkre\u015blaj\u0105c si\u0142\u0119 korzennych nut, stworzy\u0142 kwiatowy eliksir o g\u0142\u0119bokim i trwa\u0142ym szlaku. Z takimi surowcami jak kolendra, wanilia, absolut tuberozy i absolut r\u00f3\u017cy majowej.<\/p>\n","protected":false},"featured_media":2366,"comment_status":"open","ping_status":"closed","template":"","meta":[],"product_cat":[20],"product_tag":[],"_links":{"self":[{"href":"http:\/\/chantallbutik.pl\/index.php\/wp-json\/wp\/v2\/product\/2465"}],"collection":[{"href":"http:\/\/chantallbutik.pl\/index.php\/wp-json\/wp\/v2\/product"}],"about":[{"href":"http:\/\/chantallbutik.pl\/index.php\/wp-json\/wp\/v2\/types\/product"}],"replies":[{"embeddable":true,"href":"http:\/\/chantallbutik.pl\/index.php\/wp-json\/wp\/v2\/comments?post=2465"}],"wp:featuredmedia":[{"embeddable":true,"href":"http:\/\/chantallbutik.pl\/index.php\/wp-json\/wp\/v2\/media\/2366"}],"wp:attachment":[{"href":"http:\/\/chantallbutik.pl\/index.php\/wp-json\/wp\/v2\/media?parent=2465"}],"wp:term":[{"taxonomy":"product_cat","embeddable":true,"href":"http:\/\/chantallbutik.pl\/index.php\/wp-json\/wp\/v2\/product_cat?post=2465"},{"taxonomy":"product_tag","embeddable":true,"href":"http:\/\/chantallbutik.pl\/index.php\/wp-json\/wp\/v2\/product_tag?post=2465"}],"curies":[{"name":"wp","href":"https:\/\/api.w.org\/{rel}","templated":true}]}}