{"id":2460,"date":"2024-05-29T19:10:49","date_gmt":"2024-05-29T17:10:49","guid":{"rendered":"http:\/\/chantallbutik.pl\/?post_type=product&#038;p=2460"},"modified":"2025-09-23T22:03:26","modified_gmt":"2025-09-23T20:03:26","slug":"100ml-22","status":"publish","type":"product","link":"http:\/\/chantallbutik.pl\/index.php\/product\/100ml-22\/","title":{"rendered":"Inspiracja Gucci Flora Emerald Gardenia 100ml"},"content":{"rendered":"<p>Nuty zapachowe:<\/p>\n<p>Nuty g\u0142owy: arbuz, cytryna, gruszka.<\/p>\n<p>Nuty serca: lotos, plumeria.<\/p>\n<p>Nuty bazy: drzewo cedrowe, drzewo sanda\u0142owe, pi\u017cmo<\/p>\n","protected":false},"excerpt":{"rendered":"<p>Nuty zapachowe: Nuty g\u0142owy: arbuz, cytryna, gruszka. Nuty serca: lotos, plumeria. Nuty bazy: drzewo cedrowe, drzewo sanda\u0142owe, pi\u017cmo<\/p>\n","protected":false},"featured_media":2371,"comment_status":"open","ping_status":"closed","template":"","meta":[],"product_cat":[20],"product_tag":[],"_links":{"self":[{"href":"http:\/\/chantallbutik.pl\/index.php\/wp-json\/wp\/v2\/product\/2460"}],"collection":[{"href":"http:\/\/chantallbutik.pl\/index.php\/wp-json\/wp\/v2\/product"}],"about":[{"href":"http:\/\/chantallbutik.pl\/index.php\/wp-json\/wp\/v2\/types\/product"}],"replies":[{"embeddable":true,"href":"http:\/\/chantallbutik.pl\/index.php\/wp-json\/wp\/v2\/comments?post=2460"}],"wp:featuredmedia":[{"embeddable":true,"href":"http:\/\/chantallbutik.pl\/index.php\/wp-json\/wp\/v2\/media\/2371"}],"wp:attachment":[{"href":"http:\/\/chantallbutik.pl\/index.php\/wp-json\/wp\/v2\/media?parent=2460"}],"wp:term":[{"taxonomy":"product_cat","embeddable":true,"href":"http:\/\/chantallbutik.pl\/index.php\/wp-json\/wp\/v2\/product_cat?post=2460"},{"taxonomy":"product_tag","embeddable":true,"href":"http:\/\/chantallbutik.pl\/index.php\/wp-json\/wp\/v2\/product_tag?post=2460"}],"curies":[{"name":"wp","href":"https:\/\/api.w.org\/{rel}","templated":true}]}}