{"id":2457,"date":"2024-05-29T19:09:56","date_gmt":"2024-05-29T17:09:56","guid":{"rendered":"http:\/\/chantallbutik.pl\/?post_type=product&#038;p=2457"},"modified":"2025-09-23T22:03:26","modified_gmt":"2025-09-23T20:03:26","slug":"70ml","status":"publish","type":"product","link":"http:\/\/chantallbutik.pl\/index.php\/product\/70ml\/","title":{"rendered":"Inspiracja Maison Francis Kurkdjian l&#8217;eau \u00c0 la rose 70ml"},"content":{"rendered":"<p>Sk\u0142ad:<\/p>\n<p>Nuty g\u0142owy: akord liczi<\/p>\n<p>Nuty serca: olejek r\u00f3\u017cy damasce\u0144skiej z Bu\u0142garii, akord piwonii<\/p>\n<p>Nuty bazy: absolut r\u00f3\u017cy stulistnej z Grasse, pi\u017cma<\/p>\n","protected":false},"excerpt":{"rendered":"<p>Sk\u0142ad: Nuty g\u0142owy: akord liczi Nuty serca: olejek r\u00f3\u017cy damasce\u0144skiej z Bu\u0142garii, akord piwonii Nuty bazy: absolut r\u00f3\u017cy stulistnej z Grasse, pi\u017cma<\/p>\n","protected":false},"featured_media":2373,"comment_status":"open","ping_status":"closed","template":"","meta":[],"product_cat":[20],"product_tag":[],"_links":{"self":[{"href":"http:\/\/chantallbutik.pl\/index.php\/wp-json\/wp\/v2\/product\/2457"}],"collection":[{"href":"http:\/\/chantallbutik.pl\/index.php\/wp-json\/wp\/v2\/product"}],"about":[{"href":"http:\/\/chantallbutik.pl\/index.php\/wp-json\/wp\/v2\/types\/product"}],"replies":[{"embeddable":true,"href":"http:\/\/chantallbutik.pl\/index.php\/wp-json\/wp\/v2\/comments?post=2457"}],"wp:featuredmedia":[{"embeddable":true,"href":"http:\/\/chantallbutik.pl\/index.php\/wp-json\/wp\/v2\/media\/2373"}],"wp:attachment":[{"href":"http:\/\/chantallbutik.pl\/index.php\/wp-json\/wp\/v2\/media?parent=2457"}],"wp:term":[{"taxonomy":"product_cat","embeddable":true,"href":"http:\/\/chantallbutik.pl\/index.php\/wp-json\/wp\/v2\/product_cat?post=2457"},{"taxonomy":"product_tag","embeddable":true,"href":"http:\/\/chantallbutik.pl\/index.php\/wp-json\/wp\/v2\/product_tag?post=2457"}],"curies":[{"name":"wp","href":"https:\/\/api.w.org\/{rel}","templated":true}]}}