{"id":2456,"date":"2024-05-29T19:08:22","date_gmt":"2024-05-29T17:08:22","guid":{"rendered":"http:\/\/chantallbutik.pl\/?post_type=product&#038;p=2456"},"modified":"2025-09-23T22:03:26","modified_gmt":"2025-09-23T20:03:26","slug":"100ml-20","status":"publish","type":"product","link":"http:\/\/chantallbutik.pl\/index.php\/product\/100ml-20\/","title":{"rendered":"Inspiracja Valentino Donna Born In Roma Coral100ml"},"content":{"rendered":"<blockquote><p>G\u0142owa:\u00a0 kiwi, pomara\u0144cza<\/p>\n<p>Serce: ja\u015bmin, r\u00f3\u017ca<\/p>\n<p>Podstawa: pi\u017cmo<\/p>\n<p>Grupy zapach\u00f3w kwiatowe<\/p><\/blockquote>\n","protected":false},"excerpt":{"rendered":"<p>G\u0142owa:\u00a0 kiwi, pomara\u0144cza Serce: ja\u015bmin, r\u00f3\u017ca Podstawa: pi\u017cmo Grupy zapach\u00f3w kwiatowe<\/p>\n","protected":false},"featured_media":2374,"comment_status":"open","ping_status":"closed","template":"","meta":[],"product_cat":[20],"product_tag":[],"_links":{"self":[{"href":"http:\/\/chantallbutik.pl\/index.php\/wp-json\/wp\/v2\/product\/2456"}],"collection":[{"href":"http:\/\/chantallbutik.pl\/index.php\/wp-json\/wp\/v2\/product"}],"about":[{"href":"http:\/\/chantallbutik.pl\/index.php\/wp-json\/wp\/v2\/types\/product"}],"replies":[{"embeddable":true,"href":"http:\/\/chantallbutik.pl\/index.php\/wp-json\/wp\/v2\/comments?post=2456"}],"wp:featuredmedia":[{"embeddable":true,"href":"http:\/\/chantallbutik.pl\/index.php\/wp-json\/wp\/v2\/media\/2374"}],"wp:attachment":[{"href":"http:\/\/chantallbutik.pl\/index.php\/wp-json\/wp\/v2\/media?parent=2456"}],"wp:term":[{"taxonomy":"product_cat","embeddable":true,"href":"http:\/\/chantallbutik.pl\/index.php\/wp-json\/wp\/v2\/product_cat?post=2456"},{"taxonomy":"product_tag","embeddable":true,"href":"http:\/\/chantallbutik.pl\/index.php\/wp-json\/wp\/v2\/product_tag?post=2456"}],"curies":[{"name":"wp","href":"https:\/\/api.w.org\/{rel}","templated":true}]}}