{"id":2455,"date":"2024-05-29T19:08:00","date_gmt":"2024-05-29T17:08:00","guid":{"rendered":"http:\/\/chantallbutik.pl\/?post_type=product&#038;p=2455"},"modified":"2025-09-23T22:03:26","modified_gmt":"2025-09-23T20:03:26","slug":"100ml-19","status":"publish","type":"product","link":"http:\/\/chantallbutik.pl\/index.php\/product\/100ml-19\/","title":{"rendered":"Inspiracja VALENTINO UOMO BORN IN ROMA 100ml"},"content":{"rendered":"<p>Premiera: 2019 rok<\/p>\n<p>drzewno &#8211; przyprawowe perfumy dla m\u0119\u017cczyzn.<\/p>\n<p>&nbsp;<\/p>\n<p>Nuty zapachowe:<\/p>\n<p>&nbsp;<\/p>\n<p>nuta g\u0142owy: Woda mineralna hs, Li\u015b\u0107 fio\u0142ka i S\u00f3l;<\/p>\n<p>&nbsp;<\/p>\n<p>nuta serca: Imbir i Sza\u0142wia;<\/p>\n<p>&nbsp;<\/p>\n<p>nuta bazy: Wetyweria i Nuty drzewne<\/p>\n","protected":false},"excerpt":{"rendered":"<p>Premiera: 2019 rok drzewno &#8211; przyprawowe perfumy dla m\u0119\u017cczyzn. &nbsp; Nuty zapachowe: &nbsp; nuta g\u0142owy: Woda mineralna hs, Li\u015b\u0107 fio\u0142ka i S\u00f3l; &nbsp; nuta serca: Imbir i Sza\u0142wia; &nbsp; nuta bazy: Wetyweria i Nuty drzewne<\/p>\n","protected":false},"featured_media":2375,"comment_status":"open","ping_status":"closed","template":"","meta":[],"product_cat":[19],"product_tag":[],"_links":{"self":[{"href":"http:\/\/chantallbutik.pl\/index.php\/wp-json\/wp\/v2\/product\/2455"}],"collection":[{"href":"http:\/\/chantallbutik.pl\/index.php\/wp-json\/wp\/v2\/product"}],"about":[{"href":"http:\/\/chantallbutik.pl\/index.php\/wp-json\/wp\/v2\/types\/product"}],"replies":[{"embeddable":true,"href":"http:\/\/chantallbutik.pl\/index.php\/wp-json\/wp\/v2\/comments?post=2455"}],"wp:featuredmedia":[{"embeddable":true,"href":"http:\/\/chantallbutik.pl\/index.php\/wp-json\/wp\/v2\/media\/2375"}],"wp:attachment":[{"href":"http:\/\/chantallbutik.pl\/index.php\/wp-json\/wp\/v2\/media?parent=2455"}],"wp:term":[{"taxonomy":"product_cat","embeddable":true,"href":"http:\/\/chantallbutik.pl\/index.php\/wp-json\/wp\/v2\/product_cat?post=2455"},{"taxonomy":"product_tag","embeddable":true,"href":"http:\/\/chantallbutik.pl\/index.php\/wp-json\/wp\/v2\/product_tag?post=2455"}],"curies":[{"name":"wp","href":"https:\/\/api.w.org\/{rel}","templated":true}]}}