{"id":2452,"date":"2024-05-29T19:07:19","date_gmt":"2024-05-29T17:07:19","guid":{"rendered":"http:\/\/chantallbutik.pl\/?post_type=product&#038;p=2452"},"modified":"2025-09-23T22:03:26","modified_gmt":"2025-09-23T20:03:26","slug":"100ml-17","status":"publish","type":"product","link":"http:\/\/chantallbutik.pl\/index.php\/product\/100ml-17\/","title":{"rendered":"Inspiracja CHANEL NO.5 100ml"},"content":{"rendered":"<p>Premiera: 1986 rok<\/p>\n<p>kwiatowo &#8211; aldehydowe perfumy dla kobiet.<\/p>\n<p>&nbsp;<\/p>\n<p>Nuty zapachowe:<\/p>\n<p>&nbsp;<\/p>\n<p>nuta g\u0142owy: aldehydy, neroli, ylang-ylang, brzoskwinia i bergamotka;<\/p>\n<p>nuta serca: ja\u015bmin, r\u00f3\u017ca, konwalia i irys;<\/p>\n<p>nuta bazy: drzewo sanda\u0142owe, wetyweria, wanilia, mech d\u0119bowy i paczula<\/p>\n","protected":false},"excerpt":{"rendered":"<p>Premiera: 1986 rok kwiatowo &#8211; aldehydowe perfumy dla kobiet. &nbsp; Nuty zapachowe: &nbsp; nuta g\u0142owy: aldehydy, neroli, ylang-ylang, brzoskwinia i bergamotka; nuta serca: ja\u015bmin, r\u00f3\u017ca, konwalia i irys; nuta bazy: drzewo sanda\u0142owe, wetyweria, wanilia, mech d\u0119bowy i paczula<\/p>\n","protected":false},"featured_media":2377,"comment_status":"open","ping_status":"closed","template":"","meta":[],"product_cat":[20],"product_tag":[],"_links":{"self":[{"href":"http:\/\/chantallbutik.pl\/index.php\/wp-json\/wp\/v2\/product\/2452"}],"collection":[{"href":"http:\/\/chantallbutik.pl\/index.php\/wp-json\/wp\/v2\/product"}],"about":[{"href":"http:\/\/chantallbutik.pl\/index.php\/wp-json\/wp\/v2\/types\/product"}],"replies":[{"embeddable":true,"href":"http:\/\/chantallbutik.pl\/index.php\/wp-json\/wp\/v2\/comments?post=2452"}],"wp:featuredmedia":[{"embeddable":true,"href":"http:\/\/chantallbutik.pl\/index.php\/wp-json\/wp\/v2\/media\/2377"}],"wp:attachment":[{"href":"http:\/\/chantallbutik.pl\/index.php\/wp-json\/wp\/v2\/media?parent=2452"}],"wp:term":[{"taxonomy":"product_cat","embeddable":true,"href":"http:\/\/chantallbutik.pl\/index.php\/wp-json\/wp\/v2\/product_cat?post=2452"},{"taxonomy":"product_tag","embeddable":true,"href":"http:\/\/chantallbutik.pl\/index.php\/wp-json\/wp\/v2\/product_tag?post=2452"}],"curies":[{"name":"wp","href":"https:\/\/api.w.org\/{rel}","templated":true}]}}