{"id":2451,"date":"2024-05-29T19:06:55","date_gmt":"2024-05-29T17:06:55","guid":{"rendered":"http:\/\/chantallbutik.pl\/?post_type=product&#038;p=2451"},"modified":"2025-09-23T22:03:26","modified_gmt":"2025-09-23T20:03:26","slug":"100ml-16","status":"publish","type":"product","link":"http:\/\/chantallbutik.pl\/index.php\/product\/100ml-16\/","title":{"rendered":"Inspiracja TOM FORD NEROLI PORTOFINO 100ml"},"content":{"rendered":"<p>Premiera: 2011 rok<\/p>\n<p>aromatyczne perfumy dla kobiet i m\u0119\u017cczyzn.<\/p>\n<p>&nbsp;<\/p>\n<p>Nuty zapachowe:<\/p>\n<p>&nbsp;<\/p>\n<p>nuta g\u0142owy: bergamotka, mandarynka, cytryna, lawenda, mirt, rozmaryn i gorzka pomara\u0144cza;<\/p>\n<p>nuta serca: kwiat afryka\u0144skiej pomara\u0144czy, ja\u015bmin, neroli i pittosporum;<\/p>\n<p>nuta bazy: ambra, ambrette (pi\u017cmo ambrowe) i dzi\u0119giel.<\/p>\n","protected":false},"excerpt":{"rendered":"<p>Premiera: 2011 rok aromatyczne perfumy dla kobiet i m\u0119\u017cczyzn. &nbsp; Nuty zapachowe: &nbsp; nuta g\u0142owy: bergamotka, mandarynka, cytryna, lawenda, mirt, rozmaryn i gorzka pomara\u0144cza; nuta serca: kwiat afryka\u0144skiej pomara\u0144czy, ja\u015bmin, neroli i pittosporum; nuta bazy: ambra, ambrette (pi\u017cmo ambrowe) i dzi\u0119giel.<\/p>\n","protected":false},"featured_media":2378,"comment_status":"open","ping_status":"closed","template":"","meta":[],"product_cat":[20,19],"product_tag":[],"_links":{"self":[{"href":"http:\/\/chantallbutik.pl\/index.php\/wp-json\/wp\/v2\/product\/2451"}],"collection":[{"href":"http:\/\/chantallbutik.pl\/index.php\/wp-json\/wp\/v2\/product"}],"about":[{"href":"http:\/\/chantallbutik.pl\/index.php\/wp-json\/wp\/v2\/types\/product"}],"replies":[{"embeddable":true,"href":"http:\/\/chantallbutik.pl\/index.php\/wp-json\/wp\/v2\/comments?post=2451"}],"wp:featuredmedia":[{"embeddable":true,"href":"http:\/\/chantallbutik.pl\/index.php\/wp-json\/wp\/v2\/media\/2378"}],"wp:attachment":[{"href":"http:\/\/chantallbutik.pl\/index.php\/wp-json\/wp\/v2\/media?parent=2451"}],"wp:term":[{"taxonomy":"product_cat","embeddable":true,"href":"http:\/\/chantallbutik.pl\/index.php\/wp-json\/wp\/v2\/product_cat?post=2451"},{"taxonomy":"product_tag","embeddable":true,"href":"http:\/\/chantallbutik.pl\/index.php\/wp-json\/wp\/v2\/product_tag?post=2451"}],"curies":[{"name":"wp","href":"https:\/\/api.w.org\/{rel}","templated":true}]}}