{"id":2445,"date":"2024-05-29T19:04:44","date_gmt":"2024-05-29T17:04:44","guid":{"rendered":"http:\/\/chantallbutik.pl\/?post_type=product&#038;p=2445"},"modified":"2025-09-23T22:03:26","modified_gmt":"2025-09-23T20:03:26","slug":"100ml-13","status":"publish","type":"product","link":"http:\/\/chantallbutik.pl\/index.php\/product\/100ml-13\/","title":{"rendered":"Inspiracja MOSCHINO TOY BOY 100ml"},"content":{"rendered":"<p>Premiera: 2019 rok<\/p>\n<p>drzewno &#8211; przyprawowe perfumy dla m\u0119\u017cczyzn.<\/p>\n<p>&nbsp;<\/p>\n<p>Nuty zapachowe:<\/p>\n<p>&nbsp;<\/p>\n<p>nuta g\u0142owy: bergamotka, r\u00f3\u017cowy pieprz, gruszka, elemi i indonezyjska ga\u0142ka muszkato\u0142owa;<\/p>\n<p>&nbsp;<\/p>\n<p>nuta serca: go\u017adzik (przyprawa), r\u00f3\u017ca, magnolia i len;<\/p>\n<p>&nbsp;<\/p>\n<p>nuta bazy: haita\u0144ska wetyweria, drzewo sanda\u0142owe, drewno kaszmirowe, bursztyn i sylkolide.<\/p>\n","protected":false},"excerpt":{"rendered":"<p>Premiera: 2019 rok drzewno &#8211; przyprawowe perfumy dla m\u0119\u017cczyzn. &nbsp; Nuty zapachowe: &nbsp; nuta g\u0142owy: bergamotka, r\u00f3\u017cowy pieprz, gruszka, elemi i indonezyjska ga\u0142ka muszkato\u0142owa; &nbsp; nuta serca: go\u017adzik (przyprawa), r\u00f3\u017ca, magnolia i len; &nbsp; nuta bazy: haita\u0144ska wetyweria, drzewo sanda\u0142owe, drewno kaszmirowe, bursztyn i sylkolide.<\/p>\n","protected":false},"featured_media":2383,"comment_status":"open","ping_status":"closed","template":"","meta":[],"product_cat":[19],"product_tag":[],"_links":{"self":[{"href":"http:\/\/chantallbutik.pl\/index.php\/wp-json\/wp\/v2\/product\/2445"}],"collection":[{"href":"http:\/\/chantallbutik.pl\/index.php\/wp-json\/wp\/v2\/product"}],"about":[{"href":"http:\/\/chantallbutik.pl\/index.php\/wp-json\/wp\/v2\/types\/product"}],"replies":[{"embeddable":true,"href":"http:\/\/chantallbutik.pl\/index.php\/wp-json\/wp\/v2\/comments?post=2445"}],"wp:featuredmedia":[{"embeddable":true,"href":"http:\/\/chantallbutik.pl\/index.php\/wp-json\/wp\/v2\/media\/2383"}],"wp:attachment":[{"href":"http:\/\/chantallbutik.pl\/index.php\/wp-json\/wp\/v2\/media?parent=2445"}],"wp:term":[{"taxonomy":"product_cat","embeddable":true,"href":"http:\/\/chantallbutik.pl\/index.php\/wp-json\/wp\/v2\/product_cat?post=2445"},{"taxonomy":"product_tag","embeddable":true,"href":"http:\/\/chantallbutik.pl\/index.php\/wp-json\/wp\/v2\/product_tag?post=2445"}],"curies":[{"name":"wp","href":"https:\/\/api.w.org\/{rel}","templated":true}]}}