{"id":2444,"date":"2024-05-29T19:04:20","date_gmt":"2024-05-29T17:04:20","guid":{"rendered":"http:\/\/chantallbutik.pl\/?post_type=product&#038;p=2444"},"modified":"2025-09-23T22:03:59","modified_gmt":"2025-09-23T20:03:59","slug":"100ml-12","status":"publish","type":"product","link":"http:\/\/chantallbutik.pl\/index.php\/product\/100ml-12\/","title":{"rendered":"Inspiracja MOSCHINO TOY 2 100ml"},"content":{"rendered":"<p>Premiera: 2018 rok<\/p>\n<p>kwiatowo &#8211; drzewno &#8211; pi\u017cmowe perfumy dla kobiet.<\/p>\n<p>&nbsp;<\/p>\n<p>Nuty zapachowe:<\/p>\n<p>&nbsp;<\/p>\n<p>nuta g\u0142owy: mandarynka, jab\u0142ko i magnolia;<\/p>\n<p>&nbsp;<\/p>\n<p>nuta serca: piwonia, bia\u0142a porzeczka i ja\u015bmin;<\/p>\n<p>&nbsp;<\/p>\n<p>nuta bazy: drzewo sanda\u0142owe, drzewo bursztynowe i pi\u017cmo.<\/p>\n","protected":false},"excerpt":{"rendered":"<p>Premiera: 2018 rok kwiatowo &#8211; drzewno &#8211; pi\u017cmowe perfumy dla kobiet. &nbsp; Nuty zapachowe: &nbsp; nuta g\u0142owy: mandarynka, jab\u0142ko i magnolia; &nbsp; nuta serca: piwonia, bia\u0142a porzeczka i ja\u015bmin; &nbsp; nuta bazy: drzewo sanda\u0142owe, drzewo bursztynowe i pi\u017cmo.<\/p>\n","protected":false},"featured_media":2384,"comment_status":"open","ping_status":"closed","template":"","meta":[],"product_cat":[20],"product_tag":[],"_links":{"self":[{"href":"http:\/\/chantallbutik.pl\/index.php\/wp-json\/wp\/v2\/product\/2444"}],"collection":[{"href":"http:\/\/chantallbutik.pl\/index.php\/wp-json\/wp\/v2\/product"}],"about":[{"href":"http:\/\/chantallbutik.pl\/index.php\/wp-json\/wp\/v2\/types\/product"}],"replies":[{"embeddable":true,"href":"http:\/\/chantallbutik.pl\/index.php\/wp-json\/wp\/v2\/comments?post=2444"}],"wp:featuredmedia":[{"embeddable":true,"href":"http:\/\/chantallbutik.pl\/index.php\/wp-json\/wp\/v2\/media\/2384"}],"wp:attachment":[{"href":"http:\/\/chantallbutik.pl\/index.php\/wp-json\/wp\/v2\/media?parent=2444"}],"wp:term":[{"taxonomy":"product_cat","embeddable":true,"href":"http:\/\/chantallbutik.pl\/index.php\/wp-json\/wp\/v2\/product_cat?post=2444"},{"taxonomy":"product_tag","embeddable":true,"href":"http:\/\/chantallbutik.pl\/index.php\/wp-json\/wp\/v2\/product_tag?post=2444"}],"curies":[{"name":"wp","href":"https:\/\/api.w.org\/{rel}","templated":true}]}}