{"id":2441,"date":"2024-05-29T19:03:25","date_gmt":"2024-05-29T17:03:25","guid":{"rendered":"http:\/\/chantallbutik.pl\/?post_type=product&#038;p=2441"},"modified":"2025-09-23T22:03:59","modified_gmt":"2025-09-23T20:03:59","slug":"100ml-10","status":"publish","type":"product","link":"http:\/\/chantallbutik.pl\/index.php\/product\/100ml-10\/","title":{"rendered":"Inspiracja GIORGIO ARMANI MANIA HOMME 100ml"},"content":{"rendered":"<p><strong>Premiera:\u00a0<\/strong>2002 rok<\/p>\n<p>drzewno &#8211; przyprawowe perfumy dla m\u0119\u017cczyzn.<\/p>\n<p><strong>Nuty zapachowe:<br \/>\n<\/strong><\/p>\n<p>nuta g\u0142owy: mandarynka, szafran i li\u015bcie cytrus\u00f3w<br \/>\nnuta serca: wetyweria i cedr<br \/>\nnuta bazy: ambra i pi\u017cmo<\/p>\n","protected":false},"excerpt":{"rendered":"<p>Premiera:\u00a02002 rok drzewno &#8211; przyprawowe perfumy dla m\u0119\u017cczyzn. Nuty zapachowe: nuta g\u0142owy: mandarynka, szafran i li\u015bcie cytrus\u00f3w nuta serca: wetyweria i cedr nuta bazy: ambra i pi\u017cmo<\/p>\n","protected":false},"featured_media":2386,"comment_status":"open","ping_status":"closed","template":"","meta":[],"product_cat":[19],"product_tag":[],"_links":{"self":[{"href":"http:\/\/chantallbutik.pl\/index.php\/wp-json\/wp\/v2\/product\/2441"}],"collection":[{"href":"http:\/\/chantallbutik.pl\/index.php\/wp-json\/wp\/v2\/product"}],"about":[{"href":"http:\/\/chantallbutik.pl\/index.php\/wp-json\/wp\/v2\/types\/product"}],"replies":[{"embeddable":true,"href":"http:\/\/chantallbutik.pl\/index.php\/wp-json\/wp\/v2\/comments?post=2441"}],"wp:featuredmedia":[{"embeddable":true,"href":"http:\/\/chantallbutik.pl\/index.php\/wp-json\/wp\/v2\/media\/2386"}],"wp:attachment":[{"href":"http:\/\/chantallbutik.pl\/index.php\/wp-json\/wp\/v2\/media?parent=2441"}],"wp:term":[{"taxonomy":"product_cat","embeddable":true,"href":"http:\/\/chantallbutik.pl\/index.php\/wp-json\/wp\/v2\/product_cat?post=2441"},{"taxonomy":"product_tag","embeddable":true,"href":"http:\/\/chantallbutik.pl\/index.php\/wp-json\/wp\/v2\/product_tag?post=2441"}],"curies":[{"name":"wp","href":"https:\/\/api.w.org\/{rel}","templated":true}]}}