{"id":2440,"date":"2024-05-29T19:03:03","date_gmt":"2024-05-29T17:03:03","guid":{"rendered":"http:\/\/chantallbutik.pl\/?post_type=product&#038;p=2440"},"modified":"2025-09-23T22:03:59","modified_gmt":"2025-09-23T20:03:59","slug":"90ml-2","status":"publish","type":"product","link":"http:\/\/chantallbutik.pl\/index.php\/product\/90ml-2\/","title":{"rendered":"KKW Beauty, Kimoji Hearts BFF 90ml"},"content":{"rendered":"<p>Perfumy zosta\u0142y wydane w 2018 roku z okazji Walentynek.<\/p>\n<p>Nutami g\u0142owy s\u0105 dzikie jagody, porzeczka oraz chrysophyllum cainito; nutami serca &#8211; r\u00f3\u017ca i kwiat gruszy; nutami bazy s\u0105 wanilia, pianki marshmallow i cedr.<\/p>\n<p>&nbsp;<\/p>\n","protected":false},"excerpt":{"rendered":"<p>Perfumy zosta\u0142y wydane w 2018 roku z okazji Walentynek. Nutami g\u0142owy s\u0105 dzikie jagody, porzeczka oraz chrysophyllum cainito; nutami serca &#8211; r\u00f3\u017ca i kwiat gruszy; nutami bazy s\u0105 wanilia, pianki marshmallow i cedr. &nbsp;<\/p>\n","protected":false},"featured_media":2387,"comment_status":"open","ping_status":"closed","template":"","meta":[],"product_cat":[20],"product_tag":[],"_links":{"self":[{"href":"http:\/\/chantallbutik.pl\/index.php\/wp-json\/wp\/v2\/product\/2440"}],"collection":[{"href":"http:\/\/chantallbutik.pl\/index.php\/wp-json\/wp\/v2\/product"}],"about":[{"href":"http:\/\/chantallbutik.pl\/index.php\/wp-json\/wp\/v2\/types\/product"}],"replies":[{"embeddable":true,"href":"http:\/\/chantallbutik.pl\/index.php\/wp-json\/wp\/v2\/comments?post=2440"}],"wp:featuredmedia":[{"embeddable":true,"href":"http:\/\/chantallbutik.pl\/index.php\/wp-json\/wp\/v2\/media\/2387"}],"wp:attachment":[{"href":"http:\/\/chantallbutik.pl\/index.php\/wp-json\/wp\/v2\/media?parent=2440"}],"wp:term":[{"taxonomy":"product_cat","embeddable":true,"href":"http:\/\/chantallbutik.pl\/index.php\/wp-json\/wp\/v2\/product_cat?post=2440"},{"taxonomy":"product_tag","embeddable":true,"href":"http:\/\/chantallbutik.pl\/index.php\/wp-json\/wp\/v2\/product_tag?post=2440"}],"curies":[{"name":"wp","href":"https:\/\/api.w.org\/{rel}","templated":true}]}}