{"id":2439,"date":"2024-05-29T19:02:30","date_gmt":"2024-05-29T17:02:30","guid":{"rendered":"http:\/\/chantallbutik.pl\/?post_type=product&#038;p=2439"},"modified":"2025-09-23T22:04:00","modified_gmt":"2025-09-23T20:04:00","slug":"100ml-9","status":"publish","type":"product","link":"http:\/\/chantallbutik.pl\/index.php\/product\/100ml-9\/","title":{"rendered":"Inspiracja VERSACE EROS FLAME FOR MEN 100ml"},"content":{"rendered":"<p>Premiera: 2018 rok<\/p>\n<p>drzewno &#8211; przyprawowe perfumy dla m\u0119\u017cczyzn.<\/p>\n<p>&nbsp;<\/p>\n<p>Nuty zapachowe:<\/p>\n<p>&nbsp;<\/p>\n<p>nuta g\u0142owy: chinotto, cytryna, mandarynka, czarny pieprz i rozmaryn;<\/p>\n<p>&nbsp;<\/p>\n<p>nuta serca: r\u00f3\u017ca, geranium i pieprz;<\/p>\n<p>&nbsp;<\/p>\n<p>nuta bazy: cedr teksa\u0144ski, paczula, fasolka tonka, wanilia, drzewo sanda\u0142owe i mech d\u0119bowy.<\/p>\n","protected":false},"excerpt":{"rendered":"<p>Premiera: 2018 rok drzewno &#8211; przyprawowe perfumy dla m\u0119\u017cczyzn. &nbsp; Nuty zapachowe: &nbsp; nuta g\u0142owy: chinotto, cytryna, mandarynka, czarny pieprz i rozmaryn; &nbsp; nuta serca: r\u00f3\u017ca, geranium i pieprz; &nbsp; nuta bazy: cedr teksa\u0144ski, paczula, fasolka tonka, wanilia, drzewo sanda\u0142owe i mech d\u0119bowy.<\/p>\n","protected":false},"featured_media":2388,"comment_status":"open","ping_status":"closed","template":"","meta":[],"product_cat":[19],"product_tag":[],"_links":{"self":[{"href":"http:\/\/chantallbutik.pl\/index.php\/wp-json\/wp\/v2\/product\/2439"}],"collection":[{"href":"http:\/\/chantallbutik.pl\/index.php\/wp-json\/wp\/v2\/product"}],"about":[{"href":"http:\/\/chantallbutik.pl\/index.php\/wp-json\/wp\/v2\/types\/product"}],"replies":[{"embeddable":true,"href":"http:\/\/chantallbutik.pl\/index.php\/wp-json\/wp\/v2\/comments?post=2439"}],"wp:featuredmedia":[{"embeddable":true,"href":"http:\/\/chantallbutik.pl\/index.php\/wp-json\/wp\/v2\/media\/2388"}],"wp:attachment":[{"href":"http:\/\/chantallbutik.pl\/index.php\/wp-json\/wp\/v2\/media?parent=2439"}],"wp:term":[{"taxonomy":"product_cat","embeddable":true,"href":"http:\/\/chantallbutik.pl\/index.php\/wp-json\/wp\/v2\/product_cat?post=2439"},{"taxonomy":"product_tag","embeddable":true,"href":"http:\/\/chantallbutik.pl\/index.php\/wp-json\/wp\/v2\/product_tag?post=2439"}],"curies":[{"name":"wp","href":"https:\/\/api.w.org\/{rel}","templated":true}]}}