{"id":2437,"date":"2024-05-29T19:02:08","date_gmt":"2024-05-29T17:02:08","guid":{"rendered":"http:\/\/chantallbutik.pl\/?post_type=product&#038;p=2437"},"modified":"2025-09-23T22:04:00","modified_gmt":"2025-09-23T20:04:00","slug":"100ml-8","status":"publish","type":"product","link":"http:\/\/chantallbutik.pl\/index.php\/product\/100ml-8\/","title":{"rendered":"Inspiracja VERSACE EROS MAN 100ml"},"content":{"rendered":"<p>Premiera: 2021 rok<\/p>\n<p>orientalno &#8211; fougere perfumy dla m\u0119\u017cczyzn.<\/p>\n<p>&nbsp;<\/p>\n<p>Nuty zapachowe:<\/p>\n<p>&nbsp;<\/p>\n<p>nuta g\u0142owy: Mi\u0119ta i Cytryna;<\/p>\n<p>&nbsp;<\/p>\n<p>nuta serca: Zielone Jab\u0142ko i Geranium;<\/p>\n<p>&nbsp;<\/p>\n<p>nuta bazy: Fasolka tonka i Bursztyn.<\/p>\n","protected":false},"excerpt":{"rendered":"<p>Premiera: 2021 rok orientalno &#8211; fougere perfumy dla m\u0119\u017cczyzn. &nbsp; Nuty zapachowe: &nbsp; nuta g\u0142owy: Mi\u0119ta i Cytryna; &nbsp; nuta serca: Zielone Jab\u0142ko i Geranium; &nbsp; nuta bazy: Fasolka tonka i Bursztyn.<\/p>\n","protected":false},"featured_media":2389,"comment_status":"open","ping_status":"closed","template":"","meta":[],"product_cat":[19],"product_tag":[],"_links":{"self":[{"href":"http:\/\/chantallbutik.pl\/index.php\/wp-json\/wp\/v2\/product\/2437"}],"collection":[{"href":"http:\/\/chantallbutik.pl\/index.php\/wp-json\/wp\/v2\/product"}],"about":[{"href":"http:\/\/chantallbutik.pl\/index.php\/wp-json\/wp\/v2\/types\/product"}],"replies":[{"embeddable":true,"href":"http:\/\/chantallbutik.pl\/index.php\/wp-json\/wp\/v2\/comments?post=2437"}],"wp:featuredmedia":[{"embeddable":true,"href":"http:\/\/chantallbutik.pl\/index.php\/wp-json\/wp\/v2\/media\/2389"}],"wp:attachment":[{"href":"http:\/\/chantallbutik.pl\/index.php\/wp-json\/wp\/v2\/media?parent=2437"}],"wp:term":[{"taxonomy":"product_cat","embeddable":true,"href":"http:\/\/chantallbutik.pl\/index.php\/wp-json\/wp\/v2\/product_cat?post=2437"},{"taxonomy":"product_tag","embeddable":true,"href":"http:\/\/chantallbutik.pl\/index.php\/wp-json\/wp\/v2\/product_tag?post=2437"}],"curies":[{"name":"wp","href":"https:\/\/api.w.org\/{rel}","templated":true}]}}