{"id":2436,"date":"2024-05-29T19:01:44","date_gmt":"2024-05-29T17:01:44","guid":{"rendered":"http:\/\/chantallbutik.pl\/?post_type=product&#038;p=2436"},"modified":"2025-09-23T22:04:00","modified_gmt":"2025-09-23T20:04:00","slug":"100ml-7","status":"publish","type":"product","link":"http:\/\/chantallbutik.pl\/index.php\/product\/100ml-7\/","title":{"rendered":"Inspiracja GIORGIO ARMANI CODE GOLD POUR HOMME 100ml"},"content":{"rendered":"<p>Premiera: 2020 rok<\/p>\n<p>orientalno &#8211; przyprawowe perfumy dla m\u0119\u017cczyzn.<\/p>\n<p>&nbsp;<\/p>\n<p>Nuty zapachowe:<\/p>\n<p>&nbsp;<\/p>\n<p>nuta g\u0142owy: Mandarynka i Zielone Jab\u0142ko;<\/p>\n<p>&nbsp;<\/p>\n<p>nuta serca: Irys i Szafran;<\/p>\n<p>&nbsp;<\/p>\n<p>nuta bazy: Fasolka tonka, Benzoes, Drzewo gwajakowe i Cedr.<\/p>\n","protected":false},"excerpt":{"rendered":"<p>Premiera: 2020 rok orientalno &#8211; przyprawowe perfumy dla m\u0119\u017cczyzn. &nbsp; Nuty zapachowe: &nbsp; nuta g\u0142owy: Mandarynka i Zielone Jab\u0142ko; &nbsp; nuta serca: Irys i Szafran; &nbsp; nuta bazy: Fasolka tonka, Benzoes, Drzewo gwajakowe i Cedr.<\/p>\n","protected":false},"featured_media":2390,"comment_status":"open","ping_status":"closed","template":"","meta":[],"product_cat":[19],"product_tag":[],"_links":{"self":[{"href":"http:\/\/chantallbutik.pl\/index.php\/wp-json\/wp\/v2\/product\/2436"}],"collection":[{"href":"http:\/\/chantallbutik.pl\/index.php\/wp-json\/wp\/v2\/product"}],"about":[{"href":"http:\/\/chantallbutik.pl\/index.php\/wp-json\/wp\/v2\/types\/product"}],"replies":[{"embeddable":true,"href":"http:\/\/chantallbutik.pl\/index.php\/wp-json\/wp\/v2\/comments?post=2436"}],"wp:featuredmedia":[{"embeddable":true,"href":"http:\/\/chantallbutik.pl\/index.php\/wp-json\/wp\/v2\/media\/2390"}],"wp:attachment":[{"href":"http:\/\/chantallbutik.pl\/index.php\/wp-json\/wp\/v2\/media?parent=2436"}],"wp:term":[{"taxonomy":"product_cat","embeddable":true,"href":"http:\/\/chantallbutik.pl\/index.php\/wp-json\/wp\/v2\/product_cat?post=2436"},{"taxonomy":"product_tag","embeddable":true,"href":"http:\/\/chantallbutik.pl\/index.php\/wp-json\/wp\/v2\/product_tag?post=2436"}],"curies":[{"name":"wp","href":"https:\/\/api.w.org\/{rel}","templated":true}]}}