{"id":2434,"date":"2024-05-29T19:00:50","date_gmt":"2024-05-29T17:00:50","guid":{"rendered":"http:\/\/chantallbutik.pl\/?post_type=product&#038;p=2434"},"modified":"2025-09-23T22:04:00","modified_gmt":"2025-09-23T20:04:00","slug":"100ml-5","status":"publish","type":"product","link":"http:\/\/chantallbutik.pl\/index.php\/product\/100ml-5\/","title":{"rendered":"Inspiracja CALVIN KLEIN EUPHORIA BLOSSOM 100ml"},"content":{"rendered":"<p>Premiera: 2006 rok<\/p>\n<p>orientalno &#8211; kwiatowe perfumy dla kobiet.<\/p>\n<p>&nbsp;<\/p>\n<p>Nuty zapachowe:<\/p>\n<p>&nbsp;<\/p>\n<p>nuta g\u0142owy: granat i kumkwat<\/p>\n<p>nuta serca: orchidea, r\u00f3\u017cowa piwonia i lotos<\/p>\n<p>nuta bazy: pi\u017cmo, bia\u0142e drzewa i bia\u0142a ambra<\/p>\n","protected":false},"excerpt":{"rendered":"<p>Premiera: 2006 rok orientalno &#8211; kwiatowe perfumy dla kobiet. &nbsp; Nuty zapachowe: &nbsp; nuta g\u0142owy: granat i kumkwat nuta serca: orchidea, r\u00f3\u017cowa piwonia i lotos nuta bazy: pi\u017cmo, bia\u0142e drzewa i bia\u0142a ambra<\/p>\n","protected":false},"featured_media":2392,"comment_status":"open","ping_status":"closed","template":"","meta":[],"product_cat":[20],"product_tag":[],"_links":{"self":[{"href":"http:\/\/chantallbutik.pl\/index.php\/wp-json\/wp\/v2\/product\/2434"}],"collection":[{"href":"http:\/\/chantallbutik.pl\/index.php\/wp-json\/wp\/v2\/product"}],"about":[{"href":"http:\/\/chantallbutik.pl\/index.php\/wp-json\/wp\/v2\/types\/product"}],"replies":[{"embeddable":true,"href":"http:\/\/chantallbutik.pl\/index.php\/wp-json\/wp\/v2\/comments?post=2434"}],"wp:featuredmedia":[{"embeddable":true,"href":"http:\/\/chantallbutik.pl\/index.php\/wp-json\/wp\/v2\/media\/2392"}],"wp:attachment":[{"href":"http:\/\/chantallbutik.pl\/index.php\/wp-json\/wp\/v2\/media?parent=2434"}],"wp:term":[{"taxonomy":"product_cat","embeddable":true,"href":"http:\/\/chantallbutik.pl\/index.php\/wp-json\/wp\/v2\/product_cat?post=2434"},{"taxonomy":"product_tag","embeddable":true,"href":"http:\/\/chantallbutik.pl\/index.php\/wp-json\/wp\/v2\/product_tag?post=2434"}],"curies":[{"name":"wp","href":"https:\/\/api.w.org\/{rel}","templated":true}]}}