{"id":2433,"date":"2024-05-29T19:00:15","date_gmt":"2024-05-29T17:00:15","guid":{"rendered":"http:\/\/chantallbutik.pl\/?post_type=product&#038;p=2433"},"modified":"2025-09-23T22:04:00","modified_gmt":"2025-09-23T20:04:00","slug":"75ml-4","status":"publish","type":"product","link":"http:\/\/chantallbutik.pl\/index.php\/product\/75ml-4\/","title":{"rendered":"Inspiracja HUGO BOSS NUIT POUR FEMME 75ml"},"content":{"rendered":"<p>Premiera: 2012 rok<\/p>\n<p>kwiatowe perfumy dla kobiet.<\/p>\n<p>&nbsp;<\/p>\n<p>Nuty zapachowe:<\/p>\n<p>&nbsp;<\/p>\n<p>nuta g\u0142owy: brzoskwinia i aldehydy<\/p>\n<p>nuta serca: ja\u015bmin, fio\u0142ek i bia\u0142e kwiaty<\/p>\n<p>nuta bazy: drzewo sanda\u0142owe i mech<\/p>\n","protected":false},"excerpt":{"rendered":"<p>Premiera: 2012 rok kwiatowe perfumy dla kobiet. &nbsp; Nuty zapachowe: &nbsp; nuta g\u0142owy: brzoskwinia i aldehydy nuta serca: ja\u015bmin, fio\u0142ek i bia\u0142e kwiaty nuta bazy: drzewo sanda\u0142owe i mech<\/p>\n","protected":false},"featured_media":2393,"comment_status":"open","ping_status":"closed","template":"","meta":[],"product_cat":[20],"product_tag":[],"_links":{"self":[{"href":"http:\/\/chantallbutik.pl\/index.php\/wp-json\/wp\/v2\/product\/2433"}],"collection":[{"href":"http:\/\/chantallbutik.pl\/index.php\/wp-json\/wp\/v2\/product"}],"about":[{"href":"http:\/\/chantallbutik.pl\/index.php\/wp-json\/wp\/v2\/types\/product"}],"replies":[{"embeddable":true,"href":"http:\/\/chantallbutik.pl\/index.php\/wp-json\/wp\/v2\/comments?post=2433"}],"wp:featuredmedia":[{"embeddable":true,"href":"http:\/\/chantallbutik.pl\/index.php\/wp-json\/wp\/v2\/media\/2393"}],"wp:attachment":[{"href":"http:\/\/chantallbutik.pl\/index.php\/wp-json\/wp\/v2\/media?parent=2433"}],"wp:term":[{"taxonomy":"product_cat","embeddable":true,"href":"http:\/\/chantallbutik.pl\/index.php\/wp-json\/wp\/v2\/product_cat?post=2433"},{"taxonomy":"product_tag","embeddable":true,"href":"http:\/\/chantallbutik.pl\/index.php\/wp-json\/wp\/v2\/product_tag?post=2433"}],"curies":[{"name":"wp","href":"https:\/\/api.w.org\/{rel}","templated":true}]}}