{"id":2429,"date":"2024-05-29T18:58:33","date_gmt":"2024-05-29T16:58:33","guid":{"rendered":"http:\/\/chantallbutik.pl\/?post_type=product&#038;p=2429"},"modified":"2025-09-23T22:04:00","modified_gmt":"2025-09-23T20:04:00","slug":"100ml-3","status":"publish","type":"product","link":"http:\/\/chantallbutik.pl\/index.php\/product\/100ml-3\/","title":{"rendered":"Inspiracja ARIANA GRANDE ARI 100ml"},"content":{"rendered":"<p>Premiera: 2015 rok<\/p>\n<p>kwiatowo &#8211; owocowo &#8211; gourmand perfumy dla kobiet.<\/p>\n<p>&nbsp;<\/p>\n<p>Nuty zapachowe:<\/p>\n<p>&nbsp;<\/p>\n<p>nuta g\u0142owy: gruszka, grejpfrut i malina;<\/p>\n<p>&nbsp;<\/p>\n<p>nuta serca: konwalia, r\u00f3\u017ca i orchidea waniliowa;<\/p>\n<p>&nbsp;<\/p>\n<p>nuta bazy: pi\u017cmo, nuty drzewne i pianka marshmallow.<\/p>\n","protected":false},"excerpt":{"rendered":"<p>Premiera: 2015 rok kwiatowo &#8211; owocowo &#8211; gourmand perfumy dla kobiet. &nbsp; Nuty zapachowe: &nbsp; nuta g\u0142owy: gruszka, grejpfrut i malina; &nbsp; nuta serca: konwalia, r\u00f3\u017ca i orchidea waniliowa; &nbsp; nuta bazy: pi\u017cmo, nuty drzewne i pianka marshmallow.<\/p>\n","protected":false},"featured_media":2396,"comment_status":"open","ping_status":"closed","template":"","meta":[],"product_cat":[20],"product_tag":[],"_links":{"self":[{"href":"http:\/\/chantallbutik.pl\/index.php\/wp-json\/wp\/v2\/product\/2429"}],"collection":[{"href":"http:\/\/chantallbutik.pl\/index.php\/wp-json\/wp\/v2\/product"}],"about":[{"href":"http:\/\/chantallbutik.pl\/index.php\/wp-json\/wp\/v2\/types\/product"}],"replies":[{"embeddable":true,"href":"http:\/\/chantallbutik.pl\/index.php\/wp-json\/wp\/v2\/comments?post=2429"}],"wp:featuredmedia":[{"embeddable":true,"href":"http:\/\/chantallbutik.pl\/index.php\/wp-json\/wp\/v2\/media\/2396"}],"wp:attachment":[{"href":"http:\/\/chantallbutik.pl\/index.php\/wp-json\/wp\/v2\/media?parent=2429"}],"wp:term":[{"taxonomy":"product_cat","embeddable":true,"href":"http:\/\/chantallbutik.pl\/index.php\/wp-json\/wp\/v2\/product_cat?post=2429"},{"taxonomy":"product_tag","embeddable":true,"href":"http:\/\/chantallbutik.pl\/index.php\/wp-json\/wp\/v2\/product_tag?post=2429"}],"curies":[{"name":"wp","href":"https:\/\/api.w.org\/{rel}","templated":true}]}}