{"id":2422,"date":"2024-05-29T18:55:20","date_gmt":"2024-05-29T16:55:20","guid":{"rendered":"http:\/\/chantallbutik.pl\/?post_type=product&#038;p=2422"},"modified":"2025-09-23T22:04:00","modified_gmt":"2025-09-23T20:04:00","slug":"80ml-2","status":"publish","type":"product","link":"http:\/\/chantallbutik.pl\/index.php\/product\/80ml-2\/","title":{"rendered":"Inspiracja CAROLINA HERRERA 212 VIP ROSE 80ml"},"content":{"rendered":"<p>Premiera: 2014 rok<\/p>\n<p>kwiatowo &#8211; owocowe perfumy dla kobiet.<\/p>\n<p>&nbsp;<\/p>\n<p>Nuty zapachowe:<\/p>\n<p>&nbsp;<\/p>\n<p>nuta g\u0142owy: szampan i nuty owocowe<\/p>\n<p>nuta serca: kwiat brzoskwini<\/p>\n<p>nuta bazy: nuty drzewne, bia\u0142e pi\u017cmo i ambra<\/p>\n","protected":false},"excerpt":{"rendered":"<p>Premiera: 2014 rok kwiatowo &#8211; owocowe perfumy dla kobiet. &nbsp; Nuty zapachowe: &nbsp; nuta g\u0142owy: szampan i nuty owocowe nuta serca: kwiat brzoskwini nuta bazy: nuty drzewne, bia\u0142e pi\u017cmo i ambra<\/p>\n","protected":false},"featured_media":2402,"comment_status":"open","ping_status":"closed","template":"","meta":[],"product_cat":[20],"product_tag":[],"_links":{"self":[{"href":"http:\/\/chantallbutik.pl\/index.php\/wp-json\/wp\/v2\/product\/2422"}],"collection":[{"href":"http:\/\/chantallbutik.pl\/index.php\/wp-json\/wp\/v2\/product"}],"about":[{"href":"http:\/\/chantallbutik.pl\/index.php\/wp-json\/wp\/v2\/types\/product"}],"replies":[{"embeddable":true,"href":"http:\/\/chantallbutik.pl\/index.php\/wp-json\/wp\/v2\/comments?post=2422"}],"wp:featuredmedia":[{"embeddable":true,"href":"http:\/\/chantallbutik.pl\/index.php\/wp-json\/wp\/v2\/media\/2402"}],"wp:attachment":[{"href":"http:\/\/chantallbutik.pl\/index.php\/wp-json\/wp\/v2\/media?parent=2422"}],"wp:term":[{"taxonomy":"product_cat","embeddable":true,"href":"http:\/\/chantallbutik.pl\/index.php\/wp-json\/wp\/v2\/product_cat?post=2422"},{"taxonomy":"product_tag","embeddable":true,"href":"http:\/\/chantallbutik.pl\/index.php\/wp-json\/wp\/v2\/product_tag?post=2422"}],"curies":[{"name":"wp","href":"https:\/\/api.w.org\/{rel}","templated":true}]}}