{"id":2420,"date":"2024-05-29T18:54:17","date_gmt":"2024-05-29T16:54:17","guid":{"rendered":"http:\/\/chantallbutik.pl\/?post_type=product&#038;p=2420"},"modified":"2025-09-23T22:04:21","modified_gmt":"2025-09-23T20:04:21","slug":"90ml","status":"publish","type":"product","link":"http:\/\/chantallbutik.pl\/index.php\/product\/90ml\/","title":{"rendered":"Inspiracja Gucci Bamboo 90ml"},"content":{"rendered":"<p>Premiera: 2015 rok<\/p>\n<p>&nbsp;<\/p>\n<p>kwiatowe perfumy dla kobiet.<\/p>\n<p>&nbsp;<\/p>\n<p>Nuty zapachowe:<\/p>\n<p>&nbsp;<\/p>\n<p>nuta g\u0142owy: bergamotka;<\/p>\n<p>nuta serca: ylang-ylang, lilia kasablancka i kwiat pomara\u0144czy;<\/p>\n<p>nuta bazy: \u017cywica bursztynowa, drzewo sanda\u0142owe i tahitia\u0144ska wanilia.<\/p>\n","protected":false},"excerpt":{"rendered":"<p>Premiera: 2015 rok &nbsp; kwiatowe perfumy dla kobiet. &nbsp; Nuty zapachowe: &nbsp; nuta g\u0142owy: bergamotka; nuta serca: ylang-ylang, lilia kasablancka i kwiat pomara\u0144czy; nuta bazy: \u017cywica bursztynowa, drzewo sanda\u0142owe i tahitia\u0144ska wanilia.<\/p>\n","protected":false},"featured_media":2404,"comment_status":"open","ping_status":"closed","template":"","meta":[],"product_cat":[20],"product_tag":[],"_links":{"self":[{"href":"http:\/\/chantallbutik.pl\/index.php\/wp-json\/wp\/v2\/product\/2420"}],"collection":[{"href":"http:\/\/chantallbutik.pl\/index.php\/wp-json\/wp\/v2\/product"}],"about":[{"href":"http:\/\/chantallbutik.pl\/index.php\/wp-json\/wp\/v2\/types\/product"}],"replies":[{"embeddable":true,"href":"http:\/\/chantallbutik.pl\/index.php\/wp-json\/wp\/v2\/comments?post=2420"}],"wp:featuredmedia":[{"embeddable":true,"href":"http:\/\/chantallbutik.pl\/index.php\/wp-json\/wp\/v2\/media\/2404"}],"wp:attachment":[{"href":"http:\/\/chantallbutik.pl\/index.php\/wp-json\/wp\/v2\/media?parent=2420"}],"wp:term":[{"taxonomy":"product_cat","embeddable":true,"href":"http:\/\/chantallbutik.pl\/index.php\/wp-json\/wp\/v2\/product_cat?post=2420"},{"taxonomy":"product_tag","embeddable":true,"href":"http:\/\/chantallbutik.pl\/index.php\/wp-json\/wp\/v2\/product_tag?post=2420"}],"curies":[{"name":"wp","href":"https:\/\/api.w.org\/{rel}","templated":true}]}}