{"id":2419,"date":"2024-05-29T18:53:40","date_gmt":"2024-05-29T16:53:40","guid":{"rendered":"http:\/\/chantallbutik.pl\/?post_type=product&#038;p=2419"},"modified":"2025-09-23T22:04:21","modified_gmt":"2025-09-23T20:04:21","slug":"50ml","status":"publish","type":"product","link":"http:\/\/chantallbutik.pl\/index.php\/product\/50ml\/","title":{"rendered":"Inspiracja Zapachu Maison Francis Kurkdjian Baccarat Rouge 540 50 ml"},"content":{"rendered":"<p>Rodzaj zapachu: kwiatowy, orientalny<\/p>\n<p>Nuty g\u0142owy: Migda\u0142 gorzki, Szafran<\/p>\n<p>Nuty serca: Cedr, Egipski ja\u015bmin<\/p>\n<p>Nuty podstawy: Nuty drzewne, Pi\u017cmo, Szara ambra<\/p>\n","protected":false},"excerpt":{"rendered":"<p>Rodzaj zapachu: kwiatowy, orientalny Nuty g\u0142owy: Migda\u0142 gorzki, Szafran Nuty serca: Cedr, Egipski ja\u015bmin Nuty podstawy: Nuty drzewne, Pi\u017cmo, Szara ambra<\/p>\n","protected":false},"featured_media":2405,"comment_status":"open","ping_status":"closed","template":"","meta":[],"product_cat":[20,19],"product_tag":[],"_links":{"self":[{"href":"http:\/\/chantallbutik.pl\/index.php\/wp-json\/wp\/v2\/product\/2419"}],"collection":[{"href":"http:\/\/chantallbutik.pl\/index.php\/wp-json\/wp\/v2\/product"}],"about":[{"href":"http:\/\/chantallbutik.pl\/index.php\/wp-json\/wp\/v2\/types\/product"}],"replies":[{"embeddable":true,"href":"http:\/\/chantallbutik.pl\/index.php\/wp-json\/wp\/v2\/comments?post=2419"}],"wp:featuredmedia":[{"embeddable":true,"href":"http:\/\/chantallbutik.pl\/index.php\/wp-json\/wp\/v2\/media\/2405"}],"wp:attachment":[{"href":"http:\/\/chantallbutik.pl\/index.php\/wp-json\/wp\/v2\/media?parent=2419"}],"wp:term":[{"taxonomy":"product_cat","embeddable":true,"href":"http:\/\/chantallbutik.pl\/index.php\/wp-json\/wp\/v2\/product_cat?post=2419"},{"taxonomy":"product_tag","embeddable":true,"href":"http:\/\/chantallbutik.pl\/index.php\/wp-json\/wp\/v2\/product_tag?post=2419"}],"curies":[{"name":"wp","href":"https:\/\/api.w.org\/{rel}","templated":true}]}}