{"id":2255,"date":"2024-05-28T19:03:44","date_gmt":"2024-05-28T17:03:44","guid":{"rendered":"http:\/\/chantallbutik.pl\/?post_type=product&#038;p=2255"},"modified":"2025-09-23T22:04:21","modified_gmt":"2025-09-23T20:04:21","slug":"inspiracja-lancome-tresor-100ml","status":"publish","type":"product","link":"http:\/\/chantallbutik.pl\/index.php\/product\/inspiracja-lancome-tresor-100ml\/","title":{"rendered":"Inspiracja Lancome Tresor 100ml"},"content":{"rendered":"","protected":false},"excerpt":{"rendered":"<p>WODA PERFUMOWANA ! ! !<\/p>\n<p>Pojemno\u015b\u0107 100ml<\/p>\n<div id=\"description\" class=\"tab-pane fade in active\" role=\"tabpanel\">\n<div class=\"product-description\">\n<p><strong>Premiera: <\/strong>1990 rok<\/p>\n<p>To orientalno &#8211; kwiatowe perfumy dla kobiet.<\/p>\n<p><strong>Nuty zapachowe:<br \/>\n<\/strong><\/p>\n<p>nuta g\u0142owy: ananas, bez, brzoskwinia, kwiat moreli, konwalia, bergamotka i r\u00f3\u017ca<br \/>\nnuta serca: irys, ja\u015bmin, heliotrop i r\u00f3\u017ca<br \/>\nnuta bazy: morela, drzewo sanda\u0142owe, ambra, pi\u017cmo, wanilia i brzoskwinia<\/p>\n<\/div>\n<\/div>\n","protected":false},"featured_media":2149,"comment_status":"open","ping_status":"closed","template":"","meta":[],"product_cat":[20],"product_tag":[],"_links":{"self":[{"href":"http:\/\/chantallbutik.pl\/index.php\/wp-json\/wp\/v2\/product\/2255"}],"collection":[{"href":"http:\/\/chantallbutik.pl\/index.php\/wp-json\/wp\/v2\/product"}],"about":[{"href":"http:\/\/chantallbutik.pl\/index.php\/wp-json\/wp\/v2\/types\/product"}],"replies":[{"embeddable":true,"href":"http:\/\/chantallbutik.pl\/index.php\/wp-json\/wp\/v2\/comments?post=2255"}],"wp:featuredmedia":[{"embeddable":true,"href":"http:\/\/chantallbutik.pl\/index.php\/wp-json\/wp\/v2\/media\/2149"}],"wp:attachment":[{"href":"http:\/\/chantallbutik.pl\/index.php\/wp-json\/wp\/v2\/media?parent=2255"}],"wp:term":[{"taxonomy":"product_cat","embeddable":true,"href":"http:\/\/chantallbutik.pl\/index.php\/wp-json\/wp\/v2\/product_cat?post=2255"},{"taxonomy":"product_tag","embeddable":true,"href":"http:\/\/chantallbutik.pl\/index.php\/wp-json\/wp\/v2\/product_tag?post=2255"}],"curies":[{"name":"wp","href":"https:\/\/api.w.org\/{rel}","templated":true}]}}