{"id":2253,"date":"2024-05-28T19:00:57","date_gmt":"2024-05-28T17:00:57","guid":{"rendered":"http:\/\/chantallbutik.pl\/?post_type=product&#038;p=2253"},"modified":"2025-09-23T22:04:21","modified_gmt":"2025-09-23T20:04:21","slug":"inspiracja-giorgio-armani-acqua-di-gio-femme-100ml","status":"publish","type":"product","link":"http:\/\/chantallbutik.pl\/index.php\/product\/inspiracja-giorgio-armani-acqua-di-gio-femme-100ml\/","title":{"rendered":"Inspiracja Giorgio Armani Acqua Di Gio Femme 100ml"},"content":{"rendered":"","protected":false},"excerpt":{"rendered":"<p>WODA PERFUMOWANA ! ! !<\/p>\n<p>Pojemno\u015b\u0107 100ml<\/p>\n<div id=\"description\" class=\"tab-pane fade in active\" role=\"tabpanel\">\n<div class=\"product-description\">\n<p><strong>Premiera:<\/strong> 1995 rok<\/p>\n<p>To kwiatowo &#8211; owocowe perfumy dla kobiet.<\/p>\n<p><strong>Nuty zapachowe:<\/strong><\/p>\n<p>nuta g\u0142owy: piwonia, ananas, musk vodka, fio\u0142ek, brzoskwinia, li\u015b\u0107 bananowca i cytryna;<\/p>\n<p>nuta serca: lilia, frezja, ja\u015bmin, hiacynt, ylang-ylang, konwalia, r\u00f3\u017ca i calone;<\/p>\n<p>nuta bazy: drzewo sanda\u0142owe, bursztyn, pi\u017cmo, cedr i styraks.<\/p>\n<\/div>\n<\/div>\n","protected":false},"featured_media":2098,"comment_status":"open","ping_status":"closed","template":"","meta":[],"product_cat":[20],"product_tag":[],"_links":{"self":[{"href":"http:\/\/chantallbutik.pl\/index.php\/wp-json\/wp\/v2\/product\/2253"}],"collection":[{"href":"http:\/\/chantallbutik.pl\/index.php\/wp-json\/wp\/v2\/product"}],"about":[{"href":"http:\/\/chantallbutik.pl\/index.php\/wp-json\/wp\/v2\/types\/product"}],"replies":[{"embeddable":true,"href":"http:\/\/chantallbutik.pl\/index.php\/wp-json\/wp\/v2\/comments?post=2253"}],"wp:featuredmedia":[{"embeddable":true,"href":"http:\/\/chantallbutik.pl\/index.php\/wp-json\/wp\/v2\/media\/2098"}],"wp:attachment":[{"href":"http:\/\/chantallbutik.pl\/index.php\/wp-json\/wp\/v2\/media?parent=2253"}],"wp:term":[{"taxonomy":"product_cat","embeddable":true,"href":"http:\/\/chantallbutik.pl\/index.php\/wp-json\/wp\/v2\/product_cat?post=2253"},{"taxonomy":"product_tag","embeddable":true,"href":"http:\/\/chantallbutik.pl\/index.php\/wp-json\/wp\/v2\/product_tag?post=2253"}],"curies":[{"name":"wp","href":"https:\/\/api.w.org\/{rel}","templated":true}]}}