{"id":2250,"date":"2024-05-28T18:57:08","date_gmt":"2024-05-28T16:57:08","guid":{"rendered":"http:\/\/chantallbutik.pl\/?post_type=product&#038;p=2250"},"modified":"2025-09-23T22:04:22","modified_gmt":"2025-09-23T20:04:22","slug":"inspiracja-lacoste-touch-of-pink-100ml","status":"publish","type":"product","link":"http:\/\/chantallbutik.pl\/index.php\/product\/inspiracja-lacoste-touch-of-pink-100ml\/","title":{"rendered":"Inspiracja Lacoste Touch of Pink 100ml"},"content":{"rendered":"","protected":false},"excerpt":{"rendered":"<p>WODA PERFUMOWANA ! ! !<\/p>\n<p>Pojemno\u015b\u0107 100ml<\/p>\n<div id=\"description\" class=\"tab-pane fade in active\" role=\"tabpanel\">\n<div class=\"product-description\">\n<p><strong>Premiera :<\/strong> 2004 rok<\/p>\n<p>Przepe\u0142niony zapachem m\u0142odo\u015bci i witalno\u015bci. Bardzo kobiecy zapach. Przeznaczeniem jego jest obudzi\u0107 w nas rado\u015b\u0107 do otaczaj\u0105cego \u015bwiata.<\/p>\n<p><strong>Nuty zapachowe:<\/strong><\/p>\n<p>nuta g\u0142owy: sok pomara\u0144czy, li\u015bcie kolendry, kardamon.<br \/>\nnuta serca: ja\u015bmin, li\u015bcie fio\u0142ka, nasiona marchwi.<br \/>\nnuta podstawy: drewno sanda\u0142owe, pi\u017cmo, wanilia.<\/p>\n<\/div>\n<\/div>\n","protected":false},"featured_media":2146,"comment_status":"open","ping_status":"closed","template":"","meta":[],"product_cat":[20],"product_tag":[],"_links":{"self":[{"href":"http:\/\/chantallbutik.pl\/index.php\/wp-json\/wp\/v2\/product\/2250"}],"collection":[{"href":"http:\/\/chantallbutik.pl\/index.php\/wp-json\/wp\/v2\/product"}],"about":[{"href":"http:\/\/chantallbutik.pl\/index.php\/wp-json\/wp\/v2\/types\/product"}],"replies":[{"embeddable":true,"href":"http:\/\/chantallbutik.pl\/index.php\/wp-json\/wp\/v2\/comments?post=2250"}],"wp:featuredmedia":[{"embeddable":true,"href":"http:\/\/chantallbutik.pl\/index.php\/wp-json\/wp\/v2\/media\/2146"}],"wp:attachment":[{"href":"http:\/\/chantallbutik.pl\/index.php\/wp-json\/wp\/v2\/media?parent=2250"}],"wp:term":[{"taxonomy":"product_cat","embeddable":true,"href":"http:\/\/chantallbutik.pl\/index.php\/wp-json\/wp\/v2\/product_cat?post=2250"},{"taxonomy":"product_tag","embeddable":true,"href":"http:\/\/chantallbutik.pl\/index.php\/wp-json\/wp\/v2\/product_tag?post=2250"}],"curies":[{"name":"wp","href":"https:\/\/api.w.org\/{rel}","templated":true}]}}