{"id":2247,"date":"2024-05-28T18:52:30","date_gmt":"2024-05-28T16:52:30","guid":{"rendered":"http:\/\/chantallbutik.pl\/?post_type=product&#038;p=2247"},"modified":"2025-09-23T22:04:22","modified_gmt":"2025-09-23T20:04:22","slug":"inspiracja-ralph-lauren-ralph-100ml","status":"publish","type":"product","link":"http:\/\/chantallbutik.pl\/index.php\/product\/inspiracja-ralph-lauren-ralph-100ml\/","title":{"rendered":"Inspiracja Ralph Lauren Ralph 100ml"},"content":{"rendered":"","protected":false},"excerpt":{"rendered":"<p>WODA PERFUMOWANA ! ! !<\/p>\n<p>Pojemno\u015b\u0107 100ml<\/p>\n<div id=\"description\" class=\"tab-pane fade in active\" role=\"tabpanel\">\n<div class=\"product-description\">\n<p><strong>Premiera:<\/strong> 2000 rok<\/p>\n<p>To zapach, kt\u00f3ry dzi\u0119ki swoim optymistycznym nutom wprawi kobiet\u0119 w dobry nastr\u00f3j ju\u017c o poranku i utrzyma ten stan przez ca\u0142y, nawet najci\u0119\u017cszy dzie\u0144. Kwiatowo-owocowa kompozycja pe\u0142na jest subtelnych niuans\u00f3w, a dominuje w niej s\u0142odycz frezji, delikatno\u015b\u0107 magnolii oraz soczysto\u015b\u0107 jab\u0142ka.<\/p>\n<p><strong>Nuty zapachowe:<br \/>\n<\/strong>Nuta g\u0142owy: osmantus, jab\u0142ko, mandarynka<br \/>\nNuta serca: magnolia, frezja, boronia<br \/>\nNuta bazy: ambra, irys<\/p>\n<\/div>\n<\/div>\n","protected":false},"featured_media":2158,"comment_status":"open","ping_status":"closed","template":"","meta":[],"product_cat":[20],"product_tag":[],"_links":{"self":[{"href":"http:\/\/chantallbutik.pl\/index.php\/wp-json\/wp\/v2\/product\/2247"}],"collection":[{"href":"http:\/\/chantallbutik.pl\/index.php\/wp-json\/wp\/v2\/product"}],"about":[{"href":"http:\/\/chantallbutik.pl\/index.php\/wp-json\/wp\/v2\/types\/product"}],"replies":[{"embeddable":true,"href":"http:\/\/chantallbutik.pl\/index.php\/wp-json\/wp\/v2\/comments?post=2247"}],"wp:featuredmedia":[{"embeddable":true,"href":"http:\/\/chantallbutik.pl\/index.php\/wp-json\/wp\/v2\/media\/2158"}],"wp:attachment":[{"href":"http:\/\/chantallbutik.pl\/index.php\/wp-json\/wp\/v2\/media?parent=2247"}],"wp:term":[{"taxonomy":"product_cat","embeddable":true,"href":"http:\/\/chantallbutik.pl\/index.php\/wp-json\/wp\/v2\/product_cat?post=2247"},{"taxonomy":"product_tag","embeddable":true,"href":"http:\/\/chantallbutik.pl\/index.php\/wp-json\/wp\/v2\/product_tag?post=2247"}],"curies":[{"name":"wp","href":"https:\/\/api.w.org\/{rel}","templated":true}]}}