{"id":2245,"date":"2024-05-28T18:49:20","date_gmt":"2024-05-28T16:49:20","guid":{"rendered":"http:\/\/chantallbutik.pl\/?post_type=product&#038;p=2245"},"modified":"2025-09-23T22:04:22","modified_gmt":"2025-09-23T20:04:22","slug":"inspiracja-gabriela-sabatini-100ml","status":"publish","type":"product","link":"http:\/\/chantallbutik.pl\/index.php\/product\/inspiracja-gabriela-sabatini-100ml\/","title":{"rendered":"Inspiracja Gabriela Sabatini 100ml"},"content":{"rendered":"","protected":false},"excerpt":{"rendered":"<p>WODA PERFUMOWANA ! ! !<\/p>\n<p>Pojemno\u015b\u0107 100ml<\/p>\n<div id=\"description\" class=\"tab-pane fade in active\" role=\"tabpanel\">\n<div class=\"product-description\">\n<p><strong>Premiera:<\/strong> 1989 rok<\/p>\n<p>To kwiatowo &#8211; drzewno &#8211; pi\u017cmowe perfumy dla kobiet.<\/p>\n<p><strong>Nuty zapachowe:<\/strong><\/p>\n<p>nuta g\u0142owy: aldehydy, nuty owocowe, bergamotka, cytryna i mandarynka;<\/p>\n<p>nuta serca: wiciokrzew, kwiat pomara\u0144czy, ja\u015bmin, heliotrop, konwalia i r\u00f3\u017ca;<\/p>\n<p>nuta bazy: drzewo sanda\u0142owe, fasolka tonka, bursztyn, paczula, wanilia, mech d\u0119bowy i pi\u017cmo.<\/p>\n<\/div>\n<\/div>\n","protected":false},"featured_media":2129,"comment_status":"open","ping_status":"closed","template":"","meta":[],"product_cat":[20],"product_tag":[],"_links":{"self":[{"href":"http:\/\/chantallbutik.pl\/index.php\/wp-json\/wp\/v2\/product\/2245"}],"collection":[{"href":"http:\/\/chantallbutik.pl\/index.php\/wp-json\/wp\/v2\/product"}],"about":[{"href":"http:\/\/chantallbutik.pl\/index.php\/wp-json\/wp\/v2\/types\/product"}],"replies":[{"embeddable":true,"href":"http:\/\/chantallbutik.pl\/index.php\/wp-json\/wp\/v2\/comments?post=2245"}],"wp:featuredmedia":[{"embeddable":true,"href":"http:\/\/chantallbutik.pl\/index.php\/wp-json\/wp\/v2\/media\/2129"}],"wp:attachment":[{"href":"http:\/\/chantallbutik.pl\/index.php\/wp-json\/wp\/v2\/media?parent=2245"}],"wp:term":[{"taxonomy":"product_cat","embeddable":true,"href":"http:\/\/chantallbutik.pl\/index.php\/wp-json\/wp\/v2\/product_cat?post=2245"},{"taxonomy":"product_tag","embeddable":true,"href":"http:\/\/chantallbutik.pl\/index.php\/wp-json\/wp\/v2\/product_tag?post=2245"}],"curies":[{"name":"wp","href":"https:\/\/api.w.org\/{rel}","templated":true}]}}