{"id":2239,"date":"2024-05-28T18:41:34","date_gmt":"2024-05-28T16:41:34","guid":{"rendered":"http:\/\/chantallbutik.pl\/?post_type=product&#038;p=2239"},"modified":"2025-09-23T22:04:44","modified_gmt":"2025-09-23T20:04:44","slug":"inspiracja-jean-paul-gaultier-scandal-pour-homme-100ml","status":"publish","type":"product","link":"http:\/\/chantallbutik.pl\/index.php\/product\/inspiracja-jean-paul-gaultier-scandal-pour-homme-100ml\/","title":{"rendered":"Inspiracja Jean Paul Gaultier Scandal Pour Homme 100ml"},"content":{"rendered":"","protected":false},"excerpt":{"rendered":"<p>WODA PERFUMOWANA ! ! !<\/p>\n<p>Pojemno\u015b\u0107 100ml<\/p>\n<p class=\"western\" align=\"left\"><b>Premiera: <\/b>2021 rok<\/p>\n<p class=\"western\" align=\"left\">Scandal Pour Homme marki Jean Paul Gaultier to orientalno &#8211; drzewne perfumy dla m\u0119\u017cczyzn.<\/p>\n<p class=\"western\" align=\"left\"><b>Nuty zapachowe:<\/b><\/p>\n<p class=\"western\" align=\"left\">nuta g\u0142owy: Sza\u0142wia muszkato\u0142owa i Mandarynka;<\/p>\n<p class=\"western\" align=\"left\">nuta serca: Karmel i Fasolka tonka;<\/p>\n<p class=\"western\" align=\"left\">nuta bazy: Wetyweria<\/p>\n","protected":false},"featured_media":2163,"comment_status":"open","ping_status":"closed","template":"","meta":[],"product_cat":[19],"product_tag":[],"_links":{"self":[{"href":"http:\/\/chantallbutik.pl\/index.php\/wp-json\/wp\/v2\/product\/2239"}],"collection":[{"href":"http:\/\/chantallbutik.pl\/index.php\/wp-json\/wp\/v2\/product"}],"about":[{"href":"http:\/\/chantallbutik.pl\/index.php\/wp-json\/wp\/v2\/types\/product"}],"replies":[{"embeddable":true,"href":"http:\/\/chantallbutik.pl\/index.php\/wp-json\/wp\/v2\/comments?post=2239"}],"wp:featuredmedia":[{"embeddable":true,"href":"http:\/\/chantallbutik.pl\/index.php\/wp-json\/wp\/v2\/media\/2163"}],"wp:attachment":[{"href":"http:\/\/chantallbutik.pl\/index.php\/wp-json\/wp\/v2\/media?parent=2239"}],"wp:term":[{"taxonomy":"product_cat","embeddable":true,"href":"http:\/\/chantallbutik.pl\/index.php\/wp-json\/wp\/v2\/product_cat?post=2239"},{"taxonomy":"product_tag","embeddable":true,"href":"http:\/\/chantallbutik.pl\/index.php\/wp-json\/wp\/v2\/product_tag?post=2239"}],"curies":[{"name":"wp","href":"https:\/\/api.w.org\/{rel}","templated":true}]}}