{"id":2235,"date":"2024-05-28T18:36:24","date_gmt":"2024-05-28T16:36:24","guid":{"rendered":"http:\/\/chantallbutik.pl\/?post_type=product&#038;p=2235"},"modified":"2025-09-23T22:04:44","modified_gmt":"2025-09-23T20:04:44","slug":"inspiracja-kenzo-pour-homme-100ml","status":"publish","type":"product","link":"http:\/\/chantallbutik.pl\/index.php\/product\/inspiracja-kenzo-pour-homme-100ml\/","title":{"rendered":"Inspiracja Kenzo Pour Homme 100ml"},"content":{"rendered":"","protected":false},"excerpt":{"rendered":"<p>WODA PERFUMOWANA ! ! !<\/p>\n<p>Pojemno\u015b\u0107 100ml<\/p>\n<div id=\"description\" class=\"tab-pane fade in active\" role=\"tabpanel\">\n<div class=\"product-description\">\n<p><strong>Premiera: <\/strong>1991 rok<\/p>\n<p>To aromatyczno &#8211; wodne perfumy dla m\u0119\u017cczyzn.<\/p>\n<p><strong>Nuty zapachowe: <\/strong><\/p>\n<p>nuta g\u0142owy: maho\u0144, sza\u0142wia, bergamotka, cytryna i nuty morskie;<br \/>\nnuta serca: ga\u0142ka muszkato\u0142owa, go\u017adzik (ro\u015blina), jagody ja\u0142owca, korze\u0144 irysa, brzoskwinia, ja\u015bmin, kminek, konwalia, r\u00f3\u017ca i sosna;<br \/>\nnuta bazy: drzewo sanda\u0142owe, ambra, pi\u017cmo, jod\u0142a balsamiczna, mech d\u0119bowy, wetyweria, cedr.<\/p>\n<\/div>\n<\/div>\n","protected":false},"featured_media":2142,"comment_status":"open","ping_status":"closed","template":"","meta":[],"product_cat":[19],"product_tag":[],"_links":{"self":[{"href":"http:\/\/chantallbutik.pl\/index.php\/wp-json\/wp\/v2\/product\/2235"}],"collection":[{"href":"http:\/\/chantallbutik.pl\/index.php\/wp-json\/wp\/v2\/product"}],"about":[{"href":"http:\/\/chantallbutik.pl\/index.php\/wp-json\/wp\/v2\/types\/product"}],"replies":[{"embeddable":true,"href":"http:\/\/chantallbutik.pl\/index.php\/wp-json\/wp\/v2\/comments?post=2235"}],"wp:featuredmedia":[{"embeddable":true,"href":"http:\/\/chantallbutik.pl\/index.php\/wp-json\/wp\/v2\/media\/2142"}],"wp:attachment":[{"href":"http:\/\/chantallbutik.pl\/index.php\/wp-json\/wp\/v2\/media?parent=2235"}],"wp:term":[{"taxonomy":"product_cat","embeddable":true,"href":"http:\/\/chantallbutik.pl\/index.php\/wp-json\/wp\/v2\/product_cat?post=2235"},{"taxonomy":"product_tag","embeddable":true,"href":"http:\/\/chantallbutik.pl\/index.php\/wp-json\/wp\/v2\/product_tag?post=2235"}],"curies":[{"name":"wp","href":"https:\/\/api.w.org\/{rel}","templated":true}]}}