{"id":2230,"date":"2024-05-28T18:28:51","date_gmt":"2024-05-28T16:28:51","guid":{"rendered":"http:\/\/chantallbutik.pl\/?post_type=product&#038;p=2230"},"modified":"2025-09-23T22:04:44","modified_gmt":"2025-09-23T20:04:44","slug":"inspiracja-creed-aventus-100ml","status":"publish","type":"product","link":"http:\/\/chantallbutik.pl\/index.php\/product\/inspiracja-creed-aventus-100ml\/","title":{"rendered":"Inspiracja Creed Aventus 100ml"},"content":{"rendered":"","protected":false},"excerpt":{"rendered":"<p>WODA PERFUMOWANA ! ! !<\/p>\n<p>Pojemno\u015b\u0107 100ml<\/p>\n<p><b>T<\/b>o szyprowo &#8211; owocowe perfumy dla m\u0119\u017cczyzn.<\/p>\n<p>Nutami g\u0142owy s\u0105: Bergamotka, Czarna porzeczka, Jab\u0142ko, Cytryna i R\u00f3\u017cowy pieprz;<\/p>\n<p>Nutami serca s\u0105: Ananas, Paczula i Maroka\u0144ski ja\u015bmin;<\/p>\n<p>Nutami bazy s\u0105: Brzoza, Pi\u017cmo, Mech d\u0119bowy, Ambroksan i Cedr.<\/p>\n","protected":false},"featured_media":2116,"comment_status":"open","ping_status":"closed","template":"","meta":[],"product_cat":[19],"product_tag":[],"_links":{"self":[{"href":"http:\/\/chantallbutik.pl\/index.php\/wp-json\/wp\/v2\/product\/2230"}],"collection":[{"href":"http:\/\/chantallbutik.pl\/index.php\/wp-json\/wp\/v2\/product"}],"about":[{"href":"http:\/\/chantallbutik.pl\/index.php\/wp-json\/wp\/v2\/types\/product"}],"replies":[{"embeddable":true,"href":"http:\/\/chantallbutik.pl\/index.php\/wp-json\/wp\/v2\/comments?post=2230"}],"wp:featuredmedia":[{"embeddable":true,"href":"http:\/\/chantallbutik.pl\/index.php\/wp-json\/wp\/v2\/media\/2116"}],"wp:attachment":[{"href":"http:\/\/chantallbutik.pl\/index.php\/wp-json\/wp\/v2\/media?parent=2230"}],"wp:term":[{"taxonomy":"product_cat","embeddable":true,"href":"http:\/\/chantallbutik.pl\/index.php\/wp-json\/wp\/v2\/product_cat?post=2230"},{"taxonomy":"product_tag","embeddable":true,"href":"http:\/\/chantallbutik.pl\/index.php\/wp-json\/wp\/v2\/product_tag?post=2230"}],"curies":[{"name":"wp","href":"https:\/\/api.w.org\/{rel}","templated":true}]}}