{"id":2226,"date":"2024-05-28T18:22:57","date_gmt":"2024-05-28T16:22:57","guid":{"rendered":"http:\/\/chantallbutik.pl\/?post_type=product&#038;p=2226"},"modified":"2025-09-23T22:04:45","modified_gmt":"2025-09-23T20:04:45","slug":"inspiracja-christian-dior-fahrenheit-100ml","status":"publish","type":"product","link":"http:\/\/chantallbutik.pl\/index.php\/product\/inspiracja-christian-dior-fahrenheit-100ml\/","title":{"rendered":"Inspiracja Christian Dior Fahrenheit 100ml"},"content":{"rendered":"","protected":false},"excerpt":{"rendered":"<p>WODA PERFUMOWANA ! ! !<\/p>\n<p>Pojemno\u015b\u0107 100ml<\/p>\n<div id=\"description\" class=\"tab-pane fade in active\" role=\"tabpanel\">\n<div class=\"product-description\">\n<p><strong>Premiera: <\/strong>1988 rok<\/p>\n<p>To drzewno &#8211; kwiatowo &#8211; pi\u017cmowe perfumy dla m\u0119\u017cczyzn.<\/p>\n<p><strong>Nuty zapachowe:<br \/>\n<\/strong><\/p>\n<p>nuta g\u0142owy: lawenda, mandarynka, g\u0142\u00f3g, kwiat muszkato\u0142owca, cedr, bergamotka, rumianek i cytryna;<\/p>\n<p>nuta serca: ga\u0142ka muszkato\u0142owa, wiciokrzew, go\u017adzik (ro\u015blina), drzewo sanda\u0142owe, li\u015b\u0107 fio\u0142ka, ja\u015bmin, konwalia i cedr;<\/p>\n<p>nuta bazy: sk\u00f3ra, fasolka tonka, ambra, paczula, pi\u017cmo i wetyweria.<\/p>\n<\/div>\n<\/div>\n","protected":false},"featured_media":2128,"comment_status":"open","ping_status":"closed","template":"","meta":[],"product_cat":[19],"product_tag":[],"_links":{"self":[{"href":"http:\/\/chantallbutik.pl\/index.php\/wp-json\/wp\/v2\/product\/2226"}],"collection":[{"href":"http:\/\/chantallbutik.pl\/index.php\/wp-json\/wp\/v2\/product"}],"about":[{"href":"http:\/\/chantallbutik.pl\/index.php\/wp-json\/wp\/v2\/types\/product"}],"replies":[{"embeddable":true,"href":"http:\/\/chantallbutik.pl\/index.php\/wp-json\/wp\/v2\/comments?post=2226"}],"wp:featuredmedia":[{"embeddable":true,"href":"http:\/\/chantallbutik.pl\/index.php\/wp-json\/wp\/v2\/media\/2128"}],"wp:attachment":[{"href":"http:\/\/chantallbutik.pl\/index.php\/wp-json\/wp\/v2\/media?parent=2226"}],"wp:term":[{"taxonomy":"product_cat","embeddable":true,"href":"http:\/\/chantallbutik.pl\/index.php\/wp-json\/wp\/v2\/product_cat?post=2226"},{"taxonomy":"product_tag","embeddable":true,"href":"http:\/\/chantallbutik.pl\/index.php\/wp-json\/wp\/v2\/product_tag?post=2226"}],"curies":[{"name":"wp","href":"https:\/\/api.w.org\/{rel}","templated":true}]}}