{"id":2215,"date":"2024-05-28T18:00:57","date_gmt":"2024-05-28T16:00:57","guid":{"rendered":"http:\/\/chantallbutik.pl\/?post_type=product&#038;p=2215"},"modified":"2025-09-23T22:05:07","modified_gmt":"2025-09-23T20:05:07","slug":"inspiracja-davidoff-cool-water-women-ice-fresh-100ml","status":"publish","type":"product","link":"http:\/\/chantallbutik.pl\/index.php\/product\/inspiracja-davidoff-cool-water-women-ice-fresh-100ml\/","title":{"rendered":"Inspiracja Davidoff Cool Water Women Ice Fresh 100ml"},"content":{"rendered":"","protected":false},"excerpt":{"rendered":"<p>WODA PERFUMOWANA ! ! !<\/p>\n<p>Pojemno\u015b\u0107 100ml<\/p>\n<p><b>T<\/b>o aromatyczno &#8211; wodne perfumy dla kobiet.<\/p>\n<p>Zosta\u0142 wydany w 2010 roku.<\/p>\n<p>Nutami g\u0142owy s\u0105: Mi\u0119ta, Melon i Ananas;<\/p>\n<p>Nutami serca s\u0105: Woda morska, Lotos i Fio\u0142ek;<\/p>\n<p>Nutami bazy s\u0105: Nuty drzewne i Bursztyn.<\/p>\n","protected":false},"featured_media":2115,"comment_status":"open","ping_status":"closed","template":"","meta":[],"product_cat":[20],"product_tag":[],"_links":{"self":[{"href":"http:\/\/chantallbutik.pl\/index.php\/wp-json\/wp\/v2\/product\/2215"}],"collection":[{"href":"http:\/\/chantallbutik.pl\/index.php\/wp-json\/wp\/v2\/product"}],"about":[{"href":"http:\/\/chantallbutik.pl\/index.php\/wp-json\/wp\/v2\/types\/product"}],"replies":[{"embeddable":true,"href":"http:\/\/chantallbutik.pl\/index.php\/wp-json\/wp\/v2\/comments?post=2215"}],"wp:featuredmedia":[{"embeddable":true,"href":"http:\/\/chantallbutik.pl\/index.php\/wp-json\/wp\/v2\/media\/2115"}],"wp:attachment":[{"href":"http:\/\/chantallbutik.pl\/index.php\/wp-json\/wp\/v2\/media?parent=2215"}],"wp:term":[{"taxonomy":"product_cat","embeddable":true,"href":"http:\/\/chantallbutik.pl\/index.php\/wp-json\/wp\/v2\/product_cat?post=2215"},{"taxonomy":"product_tag","embeddable":true,"href":"http:\/\/chantallbutik.pl\/index.php\/wp-json\/wp\/v2\/product_tag?post=2215"}],"curies":[{"name":"wp","href":"https:\/\/api.w.org\/{rel}","templated":true}]}}