{"id":2208,"date":"2024-05-28T17:47:54","date_gmt":"2024-05-28T15:47:54","guid":{"rendered":"http:\/\/chantallbutik.pl\/?post_type=product&#038;p=2208"},"modified":"2025-09-23T22:05:07","modified_gmt":"2025-09-23T20:05:07","slug":"inspiracja-dolce-gabbana-k-by-dolce-gabbana-100ml","status":"publish","type":"product","link":"http:\/\/chantallbutik.pl\/index.php\/product\/inspiracja-dolce-gabbana-k-by-dolce-gabbana-100ml\/","title":{"rendered":"Inspiracja Dolce Gabbana K by Dolce Gabbana 100ml"},"content":{"rendered":"","protected":false},"excerpt":{"rendered":"<p>WODA PERFUMOWANA ! ! !<\/p>\n<p>Pojemno\u015b\u0107 100ml<\/p>\n<p><strong>Premiera:<\/strong> 2019 rok<\/p>\n<p>To drzewno &#8211; aromatyczne perfumy dla m\u0119\u017cczyzn.<\/p>\n<p><strong>Nuty zapachowe:<\/strong><\/p>\n<p>nuta g\u0142owy: cytrusy, czerwona pomara\u0144cza, sycylijska cytryna i jagody ja\u0142owca;<\/p>\n<p>nuta serca: papryczka pimento, sza\u0142wia muszkato\u0142owa, geranium i lawenda;<\/p>\n<p>nuta bazy: cedr, wetyweria i paczula.<\/p>\n","protected":false},"featured_media":2117,"comment_status":"open","ping_status":"closed","template":"","meta":[],"product_cat":[19],"product_tag":[],"_links":{"self":[{"href":"http:\/\/chantallbutik.pl\/index.php\/wp-json\/wp\/v2\/product\/2208"}],"collection":[{"href":"http:\/\/chantallbutik.pl\/index.php\/wp-json\/wp\/v2\/product"}],"about":[{"href":"http:\/\/chantallbutik.pl\/index.php\/wp-json\/wp\/v2\/types\/product"}],"replies":[{"embeddable":true,"href":"http:\/\/chantallbutik.pl\/index.php\/wp-json\/wp\/v2\/comments?post=2208"}],"wp:featuredmedia":[{"embeddable":true,"href":"http:\/\/chantallbutik.pl\/index.php\/wp-json\/wp\/v2\/media\/2117"}],"wp:attachment":[{"href":"http:\/\/chantallbutik.pl\/index.php\/wp-json\/wp\/v2\/media?parent=2208"}],"wp:term":[{"taxonomy":"product_cat","embeddable":true,"href":"http:\/\/chantallbutik.pl\/index.php\/wp-json\/wp\/v2\/product_cat?post=2208"},{"taxonomy":"product_tag","embeddable":true,"href":"http:\/\/chantallbutik.pl\/index.php\/wp-json\/wp\/v2\/product_tag?post=2208"}],"curies":[{"name":"wp","href":"https:\/\/api.w.org\/{rel}","templated":true}]}}