{"id":2206,"date":"2024-05-28T17:46:16","date_gmt":"2024-05-28T15:46:16","guid":{"rendered":"http:\/\/chantallbutik.pl\/?post_type=product&#038;p=2206"},"modified":"2025-09-23T22:05:07","modified_gmt":"2025-09-23T20:05:07","slug":"inspiracja-yves-saint-laurent-black-opium-100ml","status":"publish","type":"product","link":"http:\/\/chantallbutik.pl\/index.php\/product\/inspiracja-yves-saint-laurent-black-opium-100ml\/","title":{"rendered":"Inspiracja Yves Saint Laurent Black Opium 100ml"},"content":{"rendered":"","protected":false},"excerpt":{"rendered":"<p>WODA PERFUMOWANA ! ! !<\/p>\n<p>Pojemno\u015b\u0107 100ml<\/p>\n<div id=\"description\" class=\"tab-pane fade in active\" role=\"tabpanel\">\n<div class=\"product-description\">\n<p><strong>Premiera: <\/strong>2014 rok<\/p>\n<p>To orientalno &#8211; waniliowe perfumy dla kobiet.<\/p>\n<p><strong>Nuty zapachowe:<br \/>\n<\/strong><\/p>\n<p>nuta g\u0142owy: r\u00f3\u017cowy pieprz, kwiat pomara\u0144czy i gruszka;<\/p>\n<p>nuta serca: kawa, ja\u015bmin, gorzki migda\u0142 i lukrecja;<\/p>\n<p>nuta bazy: wanilia, paczula, cedr i drzewo kaszmirowe.<\/p>\n<\/div>\n<\/div>\n","protected":false},"featured_media":2207,"comment_status":"open","ping_status":"closed","template":"","meta":[],"product_cat":[20],"product_tag":[],"_links":{"self":[{"href":"http:\/\/chantallbutik.pl\/index.php\/wp-json\/wp\/v2\/product\/2206"}],"collection":[{"href":"http:\/\/chantallbutik.pl\/index.php\/wp-json\/wp\/v2\/product"}],"about":[{"href":"http:\/\/chantallbutik.pl\/index.php\/wp-json\/wp\/v2\/types\/product"}],"replies":[{"embeddable":true,"href":"http:\/\/chantallbutik.pl\/index.php\/wp-json\/wp\/v2\/comments?post=2206"}],"wp:featuredmedia":[{"embeddable":true,"href":"http:\/\/chantallbutik.pl\/index.php\/wp-json\/wp\/v2\/media\/2207"}],"wp:attachment":[{"href":"http:\/\/chantallbutik.pl\/index.php\/wp-json\/wp\/v2\/media?parent=2206"}],"wp:term":[{"taxonomy":"product_cat","embeddable":true,"href":"http:\/\/chantallbutik.pl\/index.php\/wp-json\/wp\/v2\/product_cat?post=2206"},{"taxonomy":"product_tag","embeddable":true,"href":"http:\/\/chantallbutik.pl\/index.php\/wp-json\/wp\/v2\/product_tag?post=2206"}],"curies":[{"name":"wp","href":"https:\/\/api.w.org\/{rel}","templated":true}]}}