{"id":2205,"date":"2024-05-28T17:42:04","date_gmt":"2024-05-28T15:42:04","guid":{"rendered":"http:\/\/chantallbutik.pl\/?post_type=product&#038;p=2205"},"modified":"2025-09-23T22:05:07","modified_gmt":"2025-09-23T20:05:07","slug":"inspiracja-elizabeth-arden-green-tea-100ml","status":"publish","type":"product","link":"http:\/\/chantallbutik.pl\/index.php\/product\/inspiracja-elizabeth-arden-green-tea-100ml\/","title":{"rendered":"Inspiracja Elizabeth Arden Green Tea 100ml"},"content":{"rendered":"","protected":false},"excerpt":{"rendered":"<p>WODA PERFUMOWANA ! ! !<\/p>\n<p>Pojemno\u015b\u0107 100ml<\/p>\n<div id=\"description\" class=\"tab-pane fade in active\" role=\"tabpanel\">\n<div class=\"product-description\">\n<p><strong>Premiera:<\/strong> 1999 rok<\/p>\n<p>Egzotyczna mieszanka aromatycznych p\u0119d\u00f3w, zi\u00f3\u0142 i cytrus\u00f3w pobudza, motywuj\u0105c do dzia\u0142ania. Naturalne sk\u0142adniki s\u0105 \u017ar\u00f3d\u0142em harmonii i energii. Polecamy do codziennego u\u017cytku.<\/p>\n<p><strong>Nuty zapachowe:<\/strong><\/p>\n<p>nuta g\u0142owy: kminek, rabarbar, cytryna, pomara\u0144cza, bergamotka.<br \/>\nnuta serca: mi\u0119ta pieprzowa, zielona herbata, ja\u015bmin, go\u017adzik (przyprawa), koper, seler.<br \/>\nnuta bazy: mech d\u0119bowy, ambra, pi\u017cmo.<\/p>\n<\/div>\n<\/div>\n","protected":false},"featured_media":2130,"comment_status":"open","ping_status":"closed","template":"","meta":[],"product_cat":[20],"product_tag":[],"_links":{"self":[{"href":"http:\/\/chantallbutik.pl\/index.php\/wp-json\/wp\/v2\/product\/2205"}],"collection":[{"href":"http:\/\/chantallbutik.pl\/index.php\/wp-json\/wp\/v2\/product"}],"about":[{"href":"http:\/\/chantallbutik.pl\/index.php\/wp-json\/wp\/v2\/types\/product"}],"replies":[{"embeddable":true,"href":"http:\/\/chantallbutik.pl\/index.php\/wp-json\/wp\/v2\/comments?post=2205"}],"wp:featuredmedia":[{"embeddable":true,"href":"http:\/\/chantallbutik.pl\/index.php\/wp-json\/wp\/v2\/media\/2130"}],"wp:attachment":[{"href":"http:\/\/chantallbutik.pl\/index.php\/wp-json\/wp\/v2\/media?parent=2205"}],"wp:term":[{"taxonomy":"product_cat","embeddable":true,"href":"http:\/\/chantallbutik.pl\/index.php\/wp-json\/wp\/v2\/product_cat?post=2205"},{"taxonomy":"product_tag","embeddable":true,"href":"http:\/\/chantallbutik.pl\/index.php\/wp-json\/wp\/v2\/product_tag?post=2205"}],"curies":[{"name":"wp","href":"https:\/\/api.w.org\/{rel}","templated":true}]}}