{"id":2202,"date":"2024-05-28T17:28:47","date_gmt":"2024-05-28T15:28:47","guid":{"rendered":"http:\/\/chantallbutik.pl\/?post_type=product&#038;p=2202"},"modified":"2025-09-23T22:05:43","modified_gmt":"2025-09-23T20:05:43","slug":"inspiracja-cacharel-amor-amor-elixir-passion-100ml","status":"publish","type":"product","link":"http:\/\/chantallbutik.pl\/index.php\/product\/inspiracja-cacharel-amor-amor-elixir-passion-100ml\/","title":{"rendered":"Inspiracja Cacharel Amor Amor Elixir Passion 100ml"},"content":{"rendered":"","protected":false},"excerpt":{"rendered":"<p>WODA PERFUMOWANA ! ! !<\/p>\n<p>Pojemno\u015b\u0107 100ml<\/p>\n<p><b>T<\/b>o orientalno &#8211; kwiatowe perfumy dla kobiet.<\/p>\n<p>Zosta\u0142 wydany w 2006 roku.<\/p>\n<p>Nutami g\u0142owy s\u0105: Czarna porzeczka, Czerwona pomara\u0144cza i Mandarynka;<\/p>\n<p>Nutami serca s\u0105: Indonezyjski ja\u015bmin, Gardenia tahita\u0144ska i Konwalia;<\/p>\n<p>Nutami bazy s\u0105: Benzoes i Drzewo sanda\u0142owe.<\/p>\n","protected":false},"featured_media":2094,"comment_status":"open","ping_status":"closed","template":"","meta":[],"product_cat":[20],"product_tag":[],"_links":{"self":[{"href":"http:\/\/chantallbutik.pl\/index.php\/wp-json\/wp\/v2\/product\/2202"}],"collection":[{"href":"http:\/\/chantallbutik.pl\/index.php\/wp-json\/wp\/v2\/product"}],"about":[{"href":"http:\/\/chantallbutik.pl\/index.php\/wp-json\/wp\/v2\/types\/product"}],"replies":[{"embeddable":true,"href":"http:\/\/chantallbutik.pl\/index.php\/wp-json\/wp\/v2\/comments?post=2202"}],"wp:featuredmedia":[{"embeddable":true,"href":"http:\/\/chantallbutik.pl\/index.php\/wp-json\/wp\/v2\/media\/2094"}],"wp:attachment":[{"href":"http:\/\/chantallbutik.pl\/index.php\/wp-json\/wp\/v2\/media?parent=2202"}],"wp:term":[{"taxonomy":"product_cat","embeddable":true,"href":"http:\/\/chantallbutik.pl\/index.php\/wp-json\/wp\/v2\/product_cat?post=2202"},{"taxonomy":"product_tag","embeddable":true,"href":"http:\/\/chantallbutik.pl\/index.php\/wp-json\/wp\/v2\/product_tag?post=2202"}],"curies":[{"name":"wp","href":"https:\/\/api.w.org\/{rel}","templated":true}]}}