{"id":2201,"date":"2024-05-28T17:26:05","date_gmt":"2024-05-28T15:26:05","guid":{"rendered":"http:\/\/chantallbutik.pl\/?post_type=product&#038;p=2201"},"modified":"2025-09-23T22:05:43","modified_gmt":"2025-09-23T20:05:43","slug":"inspiracja-cacharel-amor-amor-100ml","status":"publish","type":"product","link":"http:\/\/chantallbutik.pl\/index.php\/product\/inspiracja-cacharel-amor-amor-100ml\/","title":{"rendered":"Inspiracja Cacharel Amor Amor 100ml"},"content":{"rendered":"","protected":false},"excerpt":{"rendered":"<p>WODA PERFUMOWANA ! ! !<\/p>\n<p>Pojemno\u015b\u0107 100ml<\/p>\n<p><strong>Premiera:<\/strong> 2003 rok<\/p>\n<p>To kwiatowo &#8211; owocowe perfumy dla kobiet.<\/p>\n<p><strong>Nuty zapachowe:<\/strong><\/p>\n<p>nuta g\u0142owy: czarna porzeczka, pomara\u0144cza, mandarynka, li\u015b\u0107 czarnej porzeczki, grejpfrut i bergamotka;<\/p>\n<p>nuta serca: morela, lilia, ja\u015bmin, konwalia i r\u00f3\u017ca;<\/p>\n<p>nuta bazy: bursztyn, fasolka tonka, wanilia, cedr virginia i pi\u017cmo.<\/p>\n","protected":false},"featured_media":2095,"comment_status":"open","ping_status":"closed","template":"","meta":[],"product_cat":[20],"product_tag":[],"_links":{"self":[{"href":"http:\/\/chantallbutik.pl\/index.php\/wp-json\/wp\/v2\/product\/2201"}],"collection":[{"href":"http:\/\/chantallbutik.pl\/index.php\/wp-json\/wp\/v2\/product"}],"about":[{"href":"http:\/\/chantallbutik.pl\/index.php\/wp-json\/wp\/v2\/types\/product"}],"replies":[{"embeddable":true,"href":"http:\/\/chantallbutik.pl\/index.php\/wp-json\/wp\/v2\/comments?post=2201"}],"wp:featuredmedia":[{"embeddable":true,"href":"http:\/\/chantallbutik.pl\/index.php\/wp-json\/wp\/v2\/media\/2095"}],"wp:attachment":[{"href":"http:\/\/chantallbutik.pl\/index.php\/wp-json\/wp\/v2\/media?parent=2201"}],"wp:term":[{"taxonomy":"product_cat","embeddable":true,"href":"http:\/\/chantallbutik.pl\/index.php\/wp-json\/wp\/v2\/product_cat?post=2201"},{"taxonomy":"product_tag","embeddable":true,"href":"http:\/\/chantallbutik.pl\/index.php\/wp-json\/wp\/v2\/product_tag?post=2201"}],"curies":[{"name":"wp","href":"https:\/\/api.w.org\/{rel}","templated":true}]}}