{"id":2196,"date":"2024-05-28T17:19:17","date_gmt":"2024-05-28T15:19:17","guid":{"rendered":"http:\/\/chantallbutik.pl\/?post_type=product&#038;p=2196"},"modified":"2025-09-23T22:05:43","modified_gmt":"2025-09-23T20:05:43","slug":"inspiracja-christian-dior-homme-100ml","status":"publish","type":"product","link":"http:\/\/chantallbutik.pl\/index.php\/product\/inspiracja-christian-dior-homme-100ml\/","title":{"rendered":"Inspiracja Christian Dior Homme 100ml"},"content":{"rendered":"","protected":false},"excerpt":{"rendered":"<p>WODA PERFUMOWANA ! ! !<\/p>\n<p>Pojemno\u015b\u0107 100ml<\/p>\n<div id=\"description\" class=\"tab-pane fade in active\" role=\"tabpanel\">\n<div class=\"product-description\">\n<p><strong>Premiera:<\/strong> 2020 rok<\/p>\n<p>To drzewne perfumy dla m\u0119\u017cczyzn.<\/p>\n<p><strong>Nuty zapachowe:<\/strong><\/p>\n<p>nuta g\u0142owy: bergamotka, r\u00f3\u017cowy pieprz i elemi;<\/p>\n<p>nuta serca: paczula, cedr atlaski i drzewo kaszmirowe;<\/p>\n<p>nuta bazy: bia\u0142e pi\u017cmo, haita\u0144ska wetyweria i iso e super.<\/p>\n<div id=\"description\" class=\"tab-pane fade in active\"><\/div>\n<\/div>\n<\/div>\n","protected":false},"featured_media":2120,"comment_status":"open","ping_status":"closed","template":"","meta":[],"product_cat":[19],"product_tag":[],"_links":{"self":[{"href":"http:\/\/chantallbutik.pl\/index.php\/wp-json\/wp\/v2\/product\/2196"}],"collection":[{"href":"http:\/\/chantallbutik.pl\/index.php\/wp-json\/wp\/v2\/product"}],"about":[{"href":"http:\/\/chantallbutik.pl\/index.php\/wp-json\/wp\/v2\/types\/product"}],"replies":[{"embeddable":true,"href":"http:\/\/chantallbutik.pl\/index.php\/wp-json\/wp\/v2\/comments?post=2196"}],"wp:featuredmedia":[{"embeddable":true,"href":"http:\/\/chantallbutik.pl\/index.php\/wp-json\/wp\/v2\/media\/2120"}],"wp:attachment":[{"href":"http:\/\/chantallbutik.pl\/index.php\/wp-json\/wp\/v2\/media?parent=2196"}],"wp:term":[{"taxonomy":"product_cat","embeddable":true,"href":"http:\/\/chantallbutik.pl\/index.php\/wp-json\/wp\/v2\/product_cat?post=2196"},{"taxonomy":"product_tag","embeddable":true,"href":"http:\/\/chantallbutik.pl\/index.php\/wp-json\/wp\/v2\/product_tag?post=2196"}],"curies":[{"name":"wp","href":"https:\/\/api.w.org\/{rel}","templated":true}]}}