{"id":2191,"date":"2024-05-28T17:11:15","date_gmt":"2024-05-28T15:11:15","guid":{"rendered":"http:\/\/chantallbutik.pl\/?post_type=product&#038;p=2191"},"modified":"2025-09-23T22:05:43","modified_gmt":"2025-09-23T20:05:43","slug":"inspiracja-tiziana-terenzi-kirke-100ml","status":"publish","type":"product","link":"http:\/\/chantallbutik.pl\/index.php\/product\/inspiracja-tiziana-terenzi-kirke-100ml\/","title":{"rendered":"Inspiracja Tiziana Terenzi Kirke 100ml"},"content":{"rendered":"","protected":false},"excerpt":{"rendered":"<p>WODA PERFUMOWANA ! ! !<\/p>\n<p>Pojemno\u015b\u0107 100ml<\/p>\n<p><b>Premiera: <\/b>2015 rok<\/p>\n<p>To szyprowo &#8211; owocowe perfumy dla kobiet i m\u0119\u017cczyzn.<\/p>\n<p><strong>Nuty zapachowe:<br \/>\n<\/strong><\/p>\n<p>nuta g\u0142owy: Marakuja, Brzoskwinia, Gruszka, Malina, Li\u015b\u0107 czarnej porzeczki i Piasek;<\/p>\n<p>nuta serca: Konwalia;<\/p>\n<p>nuta bazy: Pi\u017cmo, Drzewo sanda\u0142owe, Wanilia, Paczula i Heliotrop.<\/p>\n","protected":false},"featured_media":2144,"comment_status":"open","ping_status":"closed","template":"","meta":[],"product_cat":[20,19],"product_tag":[],"_links":{"self":[{"href":"http:\/\/chantallbutik.pl\/index.php\/wp-json\/wp\/v2\/product\/2191"}],"collection":[{"href":"http:\/\/chantallbutik.pl\/index.php\/wp-json\/wp\/v2\/product"}],"about":[{"href":"http:\/\/chantallbutik.pl\/index.php\/wp-json\/wp\/v2\/types\/product"}],"replies":[{"embeddable":true,"href":"http:\/\/chantallbutik.pl\/index.php\/wp-json\/wp\/v2\/comments?post=2191"}],"wp:featuredmedia":[{"embeddable":true,"href":"http:\/\/chantallbutik.pl\/index.php\/wp-json\/wp\/v2\/media\/2144"}],"wp:attachment":[{"href":"http:\/\/chantallbutik.pl\/index.php\/wp-json\/wp\/v2\/media?parent=2191"}],"wp:term":[{"taxonomy":"product_cat","embeddable":true,"href":"http:\/\/chantallbutik.pl\/index.php\/wp-json\/wp\/v2\/product_cat?post=2191"},{"taxonomy":"product_tag","embeddable":true,"href":"http:\/\/chantallbutik.pl\/index.php\/wp-json\/wp\/v2\/product_tag?post=2191"}],"curies":[{"name":"wp","href":"https:\/\/api.w.org\/{rel}","templated":true}]}}