{"id":2188,"date":"2024-05-28T17:05:39","date_gmt":"2024-05-28T15:05:39","guid":{"rendered":"http:\/\/chantallbutik.pl\/?post_type=product&#038;p=2188"},"modified":"2025-09-23T22:05:43","modified_gmt":"2025-09-23T20:05:43","slug":"inspiracja-mugler-angel-100ml","status":"publish","type":"product","link":"http:\/\/chantallbutik.pl\/index.php\/product\/inspiracja-mugler-angel-100ml\/","title":{"rendered":"Inspiracja Mugler Angel 100ml"},"content":{"rendered":"","protected":false},"excerpt":{"rendered":"<p>WODA PERFUMOWANA ! ! !<\/p>\n<p>Pojemno\u015b\u0107 100ml<\/p>\n<div id=\"description\" class=\"tab-pane fade in active\" role=\"tabpanel\">\n<div class=\"product-description\">\n<p><strong>Premiera: <\/strong>1992 rok<\/p>\n<p>To orientalno &#8211; waniliowe perfumy dla kobiet.<\/p>\n<p><strong>Nuty zapachowe:<br \/>\n<\/strong><\/p>\n<p>nuta g\u0142owy: melon, kokos, mandarynka, li\u015b\u0107 czarnej porzeczki, ja\u015bmin i wata cukrowa<br \/>\nnuta serca: mi\u00f3d, morela, je\u017cyna, \u015aliwka, orchidea, brzoskwinia, ja\u015bmin, konwalia, czerwone jagody i r\u00f3\u017ca<br \/>\nnuta bazy: fasolka tonka, wanilia, paczula, czekolada, ambra, pi\u017cmo i karmel<\/p>\n<\/div>\n<\/div>\n","protected":false},"featured_media":2097,"comment_status":"open","ping_status":"closed","template":"","meta":[],"product_cat":[20],"product_tag":[],"_links":{"self":[{"href":"http:\/\/chantallbutik.pl\/index.php\/wp-json\/wp\/v2\/product\/2188"}],"collection":[{"href":"http:\/\/chantallbutik.pl\/index.php\/wp-json\/wp\/v2\/product"}],"about":[{"href":"http:\/\/chantallbutik.pl\/index.php\/wp-json\/wp\/v2\/types\/product"}],"replies":[{"embeddable":true,"href":"http:\/\/chantallbutik.pl\/index.php\/wp-json\/wp\/v2\/comments?post=2188"}],"wp:featuredmedia":[{"embeddable":true,"href":"http:\/\/chantallbutik.pl\/index.php\/wp-json\/wp\/v2\/media\/2097"}],"wp:attachment":[{"href":"http:\/\/chantallbutik.pl\/index.php\/wp-json\/wp\/v2\/media?parent=2188"}],"wp:term":[{"taxonomy":"product_cat","embeddable":true,"href":"http:\/\/chantallbutik.pl\/index.php\/wp-json\/wp\/v2\/product_cat?post=2188"},{"taxonomy":"product_tag","embeddable":true,"href":"http:\/\/chantallbutik.pl\/index.php\/wp-json\/wp\/v2\/product_tag?post=2188"}],"curies":[{"name":"wp","href":"https:\/\/api.w.org\/{rel}","templated":true}]}}