{"id":2087,"date":"2024-05-28T15:29:11","date_gmt":"2024-05-28T13:29:11","guid":{"rendered":"http:\/\/chantallbutik.pl\/?post_type=product&#038;p=2087"},"modified":"2025-09-23T22:06:04","modified_gmt":"2025-09-23T20:06:04","slug":"inspiracja-carolina-herrera-bad-boy-cobalt-100ml","status":"publish","type":"product","link":"http:\/\/chantallbutik.pl\/index.php\/product\/inspiracja-carolina-herrera-bad-boy-cobalt-100ml\/","title":{"rendered":"Inspiracja Carolina Herrera Bad Boy Cobalt 100ml"},"content":{"rendered":"","protected":false},"excerpt":{"rendered":"<p>WODA PERFUMOWANA ! ! !<\/p>\n<p>Pojemno\u015b\u0107 100ml<\/p>\n<p><b>Premiera: <\/b>2022 rok<\/p>\n<p>To drzewno &#8211; aromatyczne perfumy dla m\u0119\u017cczyzn.<\/p>\n<p><strong>Nuty zapachowe: <\/strong><\/p>\n<p>nuta g\u0142owy: R\u00f3\u017cowy pieprz i Lawenda;<\/p>\n<p>nuta serca: \u015aliwka i Geranium;<\/p>\n<p>nuta bazy: Trufla, Wetyweria, Cedr i D\u0105b.<\/p>\n","protected":false},"featured_media":2088,"comment_status":"open","ping_status":"closed","template":"","meta":[],"product_cat":[19],"product_tag":[],"_links":{"self":[{"href":"http:\/\/chantallbutik.pl\/index.php\/wp-json\/wp\/v2\/product\/2087"}],"collection":[{"href":"http:\/\/chantallbutik.pl\/index.php\/wp-json\/wp\/v2\/product"}],"about":[{"href":"http:\/\/chantallbutik.pl\/index.php\/wp-json\/wp\/v2\/types\/product"}],"replies":[{"embeddable":true,"href":"http:\/\/chantallbutik.pl\/index.php\/wp-json\/wp\/v2\/comments?post=2087"}],"wp:featuredmedia":[{"embeddable":true,"href":"http:\/\/chantallbutik.pl\/index.php\/wp-json\/wp\/v2\/media\/2088"}],"wp:attachment":[{"href":"http:\/\/chantallbutik.pl\/index.php\/wp-json\/wp\/v2\/media?parent=2087"}],"wp:term":[{"taxonomy":"product_cat","embeddable":true,"href":"http:\/\/chantallbutik.pl\/index.php\/wp-json\/wp\/v2\/product_cat?post=2087"},{"taxonomy":"product_tag","embeddable":true,"href":"http:\/\/chantallbutik.pl\/index.php\/wp-json\/wp\/v2\/product_tag?post=2087"}],"curies":[{"name":"wp","href":"https:\/\/api.w.org\/{rel}","templated":true}]}}