{"id":2085,"date":"2024-05-27T20:38:26","date_gmt":"2024-05-27T18:38:26","guid":{"rendered":"http:\/\/chantallbutik.pl\/?post_type=product&#038;p=2085"},"modified":"2025-09-23T22:06:05","modified_gmt":"2025-09-23T20:06:05","slug":"inspiracja-masumi-100ml","status":"publish","type":"product","link":"http:\/\/chantallbutik.pl\/index.php\/product\/inspiracja-masumi-100ml\/","title":{"rendered":"Inspiracja Masumi 100ml"},"content":{"rendered":"","protected":false},"excerpt":{"rendered":"<p>WODA PERFUMOWANA ! ! !<\/p>\n<p>Pojemno\u015b\u0107 100ml<\/p>\n<p>W linii g\u0142owy znajdziemy <strong>drzewo r\u00f3\u017cane<\/strong>, \u015bwie\u017c\u0105 <strong>bergamotk\u0119<\/strong>, a tak\u017ce soczyste <strong>ananasy<\/strong> i <strong>melony<\/strong>. Serce nale\u017cy do <strong>kardamonu<\/strong>, otulonego kwiatami <strong>r\u00f3\u017cy<\/strong>\u00a0oraz <strong>fio\u0142ka<\/strong>. W podstawie wyczuwamy wyra\u017anie <strong>pi\u017cmo<\/strong>, szlachetne <strong>drzewo sanda\u0142owe<\/strong>, jak r\u00f3wnie\u017c intensywn\u0105 <strong>wanili\u0119<\/strong>, <strong>mech d\u0119bowy<\/strong> oraz <strong>cedr virginia<\/strong>, kt\u00f3ry dope\u0142nia <strong>bursztynowa \u017cywica<\/strong>.<\/p>\n","protected":false},"featured_media":2033,"comment_status":"open","ping_status":"closed","template":"","meta":[],"product_cat":[20],"product_tag":[],"_links":{"self":[{"href":"http:\/\/chantallbutik.pl\/index.php\/wp-json\/wp\/v2\/product\/2085"}],"collection":[{"href":"http:\/\/chantallbutik.pl\/index.php\/wp-json\/wp\/v2\/product"}],"about":[{"href":"http:\/\/chantallbutik.pl\/index.php\/wp-json\/wp\/v2\/types\/product"}],"replies":[{"embeddable":true,"href":"http:\/\/chantallbutik.pl\/index.php\/wp-json\/wp\/v2\/comments?post=2085"}],"wp:featuredmedia":[{"embeddable":true,"href":"http:\/\/chantallbutik.pl\/index.php\/wp-json\/wp\/v2\/media\/2033"}],"wp:attachment":[{"href":"http:\/\/chantallbutik.pl\/index.php\/wp-json\/wp\/v2\/media?parent=2085"}],"wp:term":[{"taxonomy":"product_cat","embeddable":true,"href":"http:\/\/chantallbutik.pl\/index.php\/wp-json\/wp\/v2\/product_cat?post=2085"},{"taxonomy":"product_tag","embeddable":true,"href":"http:\/\/chantallbutik.pl\/index.php\/wp-json\/wp\/v2\/product_tag?post=2085"}],"curies":[{"name":"wp","href":"https:\/\/api.w.org\/{rel}","templated":true}]}}