{"id":2083,"date":"2024-05-27T20:35:24","date_gmt":"2024-05-27T18:35:24","guid":{"rendered":"http:\/\/chantallbutik.pl\/?post_type=product&#038;p=2083"},"modified":"2025-09-23T22:06:05","modified_gmt":"2025-09-23T20:06:05","slug":"inspiracja-escada-sorbetto-rosso-100ml","status":"publish","type":"product","link":"http:\/\/chantallbutik.pl\/index.php\/product\/inspiracja-escada-sorbetto-rosso-100ml\/","title":{"rendered":"Inspiracja Escada Sorbetto Rosso 100ml"},"content":{"rendered":"","protected":false},"excerpt":{"rendered":"<p>WODA PERFUMOWANA ! ! !<\/p>\n<p>Pojemno\u015b\u0107 100ml<\/p>\n<div id=\"description\" class=\"tab-pane fade in active\" role=\"tabpanel\">\n<div class=\"product-description\">\n<p><strong>Premiera:<\/strong> 2018 rok<\/p>\n<p>To aromatyczno &#8211; owocowe perfumy dla kobiet.<\/p>\n<p><strong>Nuty zapachowe:<\/strong><\/p>\n<p>nuta g\u0142owy: gruszka, calone i tangeryna;<br \/>\nnuta serca: arbuz, s\u00f3l morska, nuty wodne, gardenia tahita\u0144ska, jab\u0142ko, hedione, r\u00f3\u017ca i truskawka;<br \/>\nnuta bazy: bursztyn, pralina i pi\u017cmo.<\/p>\n<\/div>\n<\/div>\n","protected":false},"featured_media":2024,"comment_status":"open","ping_status":"closed","template":"","meta":[],"product_cat":[20],"product_tag":[],"_links":{"self":[{"href":"http:\/\/chantallbutik.pl\/index.php\/wp-json\/wp\/v2\/product\/2083"}],"collection":[{"href":"http:\/\/chantallbutik.pl\/index.php\/wp-json\/wp\/v2\/product"}],"about":[{"href":"http:\/\/chantallbutik.pl\/index.php\/wp-json\/wp\/v2\/types\/product"}],"replies":[{"embeddable":true,"href":"http:\/\/chantallbutik.pl\/index.php\/wp-json\/wp\/v2\/comments?post=2083"}],"wp:featuredmedia":[{"embeddable":true,"href":"http:\/\/chantallbutik.pl\/index.php\/wp-json\/wp\/v2\/media\/2024"}],"wp:attachment":[{"href":"http:\/\/chantallbutik.pl\/index.php\/wp-json\/wp\/v2\/media?parent=2083"}],"wp:term":[{"taxonomy":"product_cat","embeddable":true,"href":"http:\/\/chantallbutik.pl\/index.php\/wp-json\/wp\/v2\/product_cat?post=2083"},{"taxonomy":"product_tag","embeddable":true,"href":"http:\/\/chantallbutik.pl\/index.php\/wp-json\/wp\/v2\/product_tag?post=2083"}],"curies":[{"name":"wp","href":"https:\/\/api.w.org\/{rel}","templated":true}]}}