{"id":2074,"date":"2024-05-27T20:14:33","date_gmt":"2024-05-27T18:14:33","guid":{"rendered":"http:\/\/chantallbutik.pl\/?post_type=product&#038;p=2074"},"modified":"2025-09-23T22:06:23","modified_gmt":"2025-09-23T20:06:23","slug":"inspiracja-giorgio-armani-emporio-stronger-with-you-100ml","status":"publish","type":"product","link":"http:\/\/chantallbutik.pl\/index.php\/product\/inspiracja-giorgio-armani-emporio-stronger-with-you-100ml\/","title":{"rendered":"Inspiracja Giorgio Armani Emporio Stronger With You 100ml"},"content":{"rendered":"","protected":false},"excerpt":{"rendered":"<p>WODA PERFUMOWANA ! ! !<\/p>\n<p>Pojemno\u015b\u0107 100ml<\/p>\n<div id=\"description\" class=\"tab-pane fade in active\" role=\"tabpanel\">\n<div class=\"product-description\">\n<p><strong>Premiera:<\/strong> 2017 rok<\/p>\n<p>To aromatyczno &#8211; fougere perfumy dla m\u0119\u017cczyzn.<\/p>\n<p><strong>Nuty zapachowe:<\/strong><\/p>\n<p>nuta g\u0142owy: kardamon, r\u00f3\u017cowy pieprz, li\u015b\u0107 fio\u0142ka i mi\u0119ta<br \/>\nnuta serca: sza\u0142wia, melon i ananas<br \/>\nnuta bazy: wanilia, kasztan, cedr i drzewo bursztynowe<\/p>\n<\/div>\n<\/div>\n","protected":false},"featured_media":2046,"comment_status":"open","ping_status":"closed","template":"","meta":[],"product_cat":[19],"product_tag":[],"_links":{"self":[{"href":"http:\/\/chantallbutik.pl\/index.php\/wp-json\/wp\/v2\/product\/2074"}],"collection":[{"href":"http:\/\/chantallbutik.pl\/index.php\/wp-json\/wp\/v2\/product"}],"about":[{"href":"http:\/\/chantallbutik.pl\/index.php\/wp-json\/wp\/v2\/types\/product"}],"replies":[{"embeddable":true,"href":"http:\/\/chantallbutik.pl\/index.php\/wp-json\/wp\/v2\/comments?post=2074"}],"wp:featuredmedia":[{"embeddable":true,"href":"http:\/\/chantallbutik.pl\/index.php\/wp-json\/wp\/v2\/media\/2046"}],"wp:attachment":[{"href":"http:\/\/chantallbutik.pl\/index.php\/wp-json\/wp\/v2\/media?parent=2074"}],"wp:term":[{"taxonomy":"product_cat","embeddable":true,"href":"http:\/\/chantallbutik.pl\/index.php\/wp-json\/wp\/v2\/product_cat?post=2074"},{"taxonomy":"product_tag","embeddable":true,"href":"http:\/\/chantallbutik.pl\/index.php\/wp-json\/wp\/v2\/product_tag?post=2074"}],"curies":[{"name":"wp","href":"https:\/\/api.w.org\/{rel}","templated":true}]}}