{"id":2072,"date":"2024-05-27T20:10:38","date_gmt":"2024-05-27T18:10:38","guid":{"rendered":"http:\/\/chantallbutik.pl\/?post_type=product&#038;p=2072"},"modified":"2025-09-23T22:06:23","modified_gmt":"2025-09-23T20:06:23","slug":"inspiracja-chloe-love-chloe-100ml","status":"publish","type":"product","link":"http:\/\/chantallbutik.pl\/index.php\/product\/inspiracja-chloe-love-chloe-100ml\/","title":{"rendered":"Inspiracja Chloe Love Chloe 100ml"},"content":{"rendered":"","protected":false},"excerpt":{"rendered":"<p>WODA PERFUMOWANA ! ! !<\/p>\n<p>Pojemno\u015b\u0107 100ml<\/p>\n<div id=\"description\" class=\"tab-pane fade in active\" role=\"tabpanel\">\n<div class=\"product-description\">\n<div id=\"description\" class=\"tab-pane fade in active\">\n<div class=\"product-description\">\n<p><b>Premiera: <\/b>2010 rok<\/p>\n<p>To kwiatowo &#8211; drzewno &#8211; pi\u017cmowe perfumy dla kobiet.<\/p>\n<p><strong>Nuty zapachowe:<\/strong><\/p>\n<p>nuta g\u0142owy: R\u00f3\u017cowy pieprz i Kwiat afryka\u0144skiej pomara\u0144czy;<\/p>\n<p>nuta serca: Irys, Bez, Hiacynt, Heliotrop i Wisteria;<\/p>\n<p>nuta bazy: Nuty pudrowe, Ry\u017c i Pi\u017cmo.<\/p>\n<\/div>\n<\/div>\n<\/div>\n<\/div>\n","protected":false},"featured_media":2016,"comment_status":"open","ping_status":"closed","template":"","meta":[],"product_cat":[20],"product_tag":[],"_links":{"self":[{"href":"http:\/\/chantallbutik.pl\/index.php\/wp-json\/wp\/v2\/product\/2072"}],"collection":[{"href":"http:\/\/chantallbutik.pl\/index.php\/wp-json\/wp\/v2\/product"}],"about":[{"href":"http:\/\/chantallbutik.pl\/index.php\/wp-json\/wp\/v2\/types\/product"}],"replies":[{"embeddable":true,"href":"http:\/\/chantallbutik.pl\/index.php\/wp-json\/wp\/v2\/comments?post=2072"}],"wp:featuredmedia":[{"embeddable":true,"href":"http:\/\/chantallbutik.pl\/index.php\/wp-json\/wp\/v2\/media\/2016"}],"wp:attachment":[{"href":"http:\/\/chantallbutik.pl\/index.php\/wp-json\/wp\/v2\/media?parent=2072"}],"wp:term":[{"taxonomy":"product_cat","embeddable":true,"href":"http:\/\/chantallbutik.pl\/index.php\/wp-json\/wp\/v2\/product_cat?post=2072"},{"taxonomy":"product_tag","embeddable":true,"href":"http:\/\/chantallbutik.pl\/index.php\/wp-json\/wp\/v2\/product_tag?post=2072"}],"curies":[{"name":"wp","href":"https:\/\/api.w.org\/{rel}","templated":true}]}}