{"id":2063,"date":"2024-05-27T19:27:34","date_gmt":"2024-05-27T17:27:34","guid":{"rendered":"http:\/\/chantallbutik.pl\/?post_type=product&#038;p=2063"},"modified":"2025-09-23T22:06:24","modified_gmt":"2025-09-23T20:06:24","slug":"inspiracja-elizabeth-arden-5th-avenue-100ml","status":"publish","type":"product","link":"http:\/\/chantallbutik.pl\/index.php\/product\/inspiracja-elizabeth-arden-5th-avenue-100ml\/","title":{"rendered":"Inspiracja Elizabeth Arden 5th Avenue 100ml"},"content":{"rendered":"","protected":false},"excerpt":{"rendered":"<p>WODA PERFUMOWANA ! ! !<\/p>\n<p>Pojemno\u015b\u0107 100ml<\/p>\n<div id=\"description\" class=\"tab-pane fade in active\" role=\"tabpanel\">\n<div class=\"product-description\">\n<p><strong>Premiera:<\/strong> 1997 rok<\/p>\n<p><strong>Nuty zapachowe:<\/strong><\/p>\n<p>nuta g\u0142owy: bez, kwiat lipy, magnolia, mandarynka, bergamotka<br \/>\nnuty serca: bu\u0142garska r\u00f3\u017ca, fio\u0142ek, ylang-alyng, ja\u015bmin, tuberoza, brzoskwinia, muszkat, go\u017adzik<br \/>\nnuta bazy: sanda\u0142owe drzewo, wanilia, irys, tybeta\u0144skie pi\u017cmo<\/p>\n<\/div>\n<\/div>\n","protected":false},"featured_media":2008,"comment_status":"open","ping_status":"closed","template":"","meta":[],"product_cat":[20],"product_tag":[],"_links":{"self":[{"href":"http:\/\/chantallbutik.pl\/index.php\/wp-json\/wp\/v2\/product\/2063"}],"collection":[{"href":"http:\/\/chantallbutik.pl\/index.php\/wp-json\/wp\/v2\/product"}],"about":[{"href":"http:\/\/chantallbutik.pl\/index.php\/wp-json\/wp\/v2\/types\/product"}],"replies":[{"embeddable":true,"href":"http:\/\/chantallbutik.pl\/index.php\/wp-json\/wp\/v2\/comments?post=2063"}],"wp:featuredmedia":[{"embeddable":true,"href":"http:\/\/chantallbutik.pl\/index.php\/wp-json\/wp\/v2\/media\/2008"}],"wp:attachment":[{"href":"http:\/\/chantallbutik.pl\/index.php\/wp-json\/wp\/v2\/media?parent=2063"}],"wp:term":[{"taxonomy":"product_cat","embeddable":true,"href":"http:\/\/chantallbutik.pl\/index.php\/wp-json\/wp\/v2\/product_cat?post=2063"},{"taxonomy":"product_tag","embeddable":true,"href":"http:\/\/chantallbutik.pl\/index.php\/wp-json\/wp\/v2\/product_tag?post=2063"}],"curies":[{"name":"wp","href":"https:\/\/api.w.org\/{rel}","templated":true}]}}